{"id":12,"date":"2020-01-29T14:35:44","date_gmt":"2020-01-29T14:35:44","guid":{"rendered":"http:\/\/natural-cooperation.de\/?page_id=12"},"modified":"2024-02-06T14:30:39","modified_gmt":"2024-02-06T14:30:39","slug":"das-konzept","status":"publish","type":"page","link":"https:\/\/natural-cooperation.de\/?page_id=12","title":{"rendered":"Die Basis"},"content":{"rendered":"\n<div class=\"wp-block-columns is-layout-flex wp-container-core-columns-is-layout-9d6595d7 wp-block-columns-is-layout-flex\">\n<div class=\"wp-block-column is-layout-flow wp-block-column-is-layout-flow\">\n<figure class=\"wp-block-image size-large\"><img loading=\"lazy\" decoding=\"async\" width=\"1024\" height=\"1024\" src=\"http:\/\/natural-cooperation.de\/wp-content\/uploads\/2020\/01\/baltic1-1024x1024.jpg\" alt=\"\" class=\"wp-image-37\" srcset=\"https:\/\/natural-cooperation.de\/wp-content\/uploads\/2020\/01\/baltic1-1024x1024.jpg 1024w, https:\/\/natural-cooperation.de\/wp-content\/uploads\/2020\/01\/baltic1-300x300.jpg 300w, https:\/\/natural-cooperation.de\/wp-content\/uploads\/2020\/01\/baltic1-150x150.jpg 150w, https:\/\/natural-cooperation.de\/wp-content\/uploads\/2020\/01\/baltic1-768x768.jpg 768w, https:\/\/natural-cooperation.de\/wp-content\/uploads\/2020\/01\/baltic1-1536x1536.jpg 1536w, https:\/\/natural-cooperation.de\/wp-content\/uploads\/2020\/01\/baltic1-2048x2048.jpg 2048w, https:\/\/natural-cooperation.de\/wp-content\/uploads\/2020\/01\/baltic1-100x100.jpg 100w\" sizes=\"auto, (max-width: 706px) 89vw, (max-width: 767px) 82vw, 740px\" \/><\/figure>\n\n\n\n<p> Wir Menschen sind die kooperativste Spezies auf diesem Planeten.<\/p>\n<\/div>\n\n\n\n<div class=\"wp-block-column is-layout-flow wp-block-column-is-layout-flow\">\n<figure class=\"wp-block-image size-large\"><img loading=\"lazy\" decoding=\"async\" width=\"1024\" height=\"1024\" src=\"http:\/\/natural-cooperation.de\/wp-content\/uploads\/2020\/01\/beach1-1024x1024.jpg\" alt=\"\" class=\"wp-image-38\" srcset=\"https:\/\/natural-cooperation.de\/wp-content\/uploads\/2020\/01\/beach1-1024x1024.jpg 1024w, https:\/\/natural-cooperation.de\/wp-content\/uploads\/2020\/01\/beach1-300x300.jpg 300w, https:\/\/natural-cooperation.de\/wp-content\/uploads\/2020\/01\/beach1-150x150.jpg 150w, https:\/\/natural-cooperation.de\/wp-content\/uploads\/2020\/01\/beach1-768x768.jpg 768w, https:\/\/natural-cooperation.de\/wp-content\/uploads\/2020\/01\/beach1-1536x1536.jpg 1536w, https:\/\/natural-cooperation.de\/wp-content\/uploads\/2020\/01\/beach1-2048x2048.jpg 2048w, https:\/\/natural-cooperation.de\/wp-content\/uploads\/2020\/01\/beach1-100x100.jpg 100w\" sizes=\"auto, (max-width: 706px) 89vw, (max-width: 767px) 82vw, 740px\" \/><\/figure>\n\n\n\n<p> Wir kooperieren fast den ganzen Tag mit unseren Mitmenschen ohne, dass es uns bewusst ist.<\/p>\n<\/div>\n\n\n\n<div class=\"wp-block-column is-layout-flow wp-block-column-is-layout-flow\">\n<figure class=\"wp-block-image size-large\"><img loading=\"lazy\" decoding=\"async\" width=\"1024\" height=\"1024\" src=\"http:\/\/natural-cooperation.de\/wp-content\/uploads\/2020\/01\/nothsea1-1024x1024.jpg\" alt=\"\" class=\"wp-image-55\" srcset=\"https:\/\/natural-cooperation.de\/wp-content\/uploads\/2020\/01\/nothsea1-1024x1024.jpg 1024w, https:\/\/natural-cooperation.de\/wp-content\/uploads\/2020\/01\/nothsea1-300x300.jpg 300w, https:\/\/natural-cooperation.de\/wp-content\/uploads\/2020\/01\/nothsea1-150x150.jpg 150w, https:\/\/natural-cooperation.de\/wp-content\/uploads\/2020\/01\/nothsea1-768x768.jpg 768w, https:\/\/natural-cooperation.de\/wp-content\/uploads\/2020\/01\/nothsea1-1536x1536.jpg 1536w, https:\/\/natural-cooperation.de\/wp-content\/uploads\/2020\/01\/nothsea1-2048x2048.jpg 2048w, https:\/\/natural-cooperation.de\/wp-content\/uploads\/2020\/01\/nothsea1-100x100.jpg 100w\" sizes=\"auto, (max-width: 706px) 89vw, (max-width: 767px) 82vw, 740px\" \/><\/figure>\n\n\n\n<p>Mit sozialen Regeln haben wir uns eine Umwelt geschaffen, in der es sich f\u00fcr jeden einzelnen Menschen lohnt sich kooperativ zu verhalten.<\/p>\n<\/div>\n<\/div>\n\n\n\n<p>Was\nuns aber besonders auff\u00e4llt sind die unkooperativen zwischenmenschlichen\nInteraktionen. Der Grund hierf\u00fcr sind Rahmenbedingungen, unter denen es sich\nmehr f\u00fcr den einzelnen lohnt, sich unkooperativ zu verhalten.<\/p>\n\n\n\n<p>Ich\nidentifiziere diese f\u00fcr Kooperation hinderlichen Rahmenbedingungen und f\u00fchre\nStrukturver\u00e4nderungen ein, welche die Arbeit im Team verbessern.<\/p>\n\n\n\n<p> Kooperationsf\u00f6rdernde Strukturen helfen produktiver zu arbeiten und  Arbeitszeit einzusparen. Dies f\u00fchrt zu einem verbesserten Arbeitsklima  und damit zu zufriedeneren Mitarbeitern.   <\/p>\n\n\n\n<p><\/p>\n\n\n\n<p><strong>Im Detail<\/strong><\/p>\n\n\n\n<p>Durch\nnat\u00fcrliche Selektion ist der Mensch in eine der kooperativsten Spezies auf der\nErde geworden. Folgen wir Charles Darwins Argumentation wie Evolution\nfunktioniert bedeutet dies, dass kooperatives Verhalten zum Vorteil des\nIndividuums ist. Da Menschen unter nat\u00fcrlichen Bedingungen hoch kooperativ sind\nf\u00f6rdern unsere Umweltbedingungen also kooperatives Verhalten. Was oft\nmissverstanden wird, der nat\u00fcrliche Lebensraum des Menschen ist unsere t\u00e4gliche\nUmwelt inklusive Maschinen, H\u00e4user, Technik, das Internet, soziale Regeln,\nGesetze, usw. Viele Menschen glauben wir haben uns von der Natur abgehoben und\nleben in einer k\u00fcnstlichen Welt. Nehmen wir aber einen Menschen, der in einem Haus\nwohnt, um sich von Umwelteinfl\u00fcssen zu sch\u00fctzen. Warum sollte dies als k\u00fcnstlich\nangesehen werden, w\u00e4hrend es f\u00fcr Schwalben, welche ein aufwendiges Nest aus\nverschiedenen Materialien bauen, ihre nat\u00fcrliche Umgebung ist. Auch\nWerkzeuggebrauch und Kulturbildung sind bei anderen Tierarten (z.B. Papageien\nund Menschenaffen) zu beobachten. In meiner Forschung habe ich wiederholt\nbeobachten k\u00f6nnen wie Menschen ihr Verhalten sehr schnell einer\nExperimentsituation anpassen. \u00c4ndert man die Randbedingungen des Experiments,\npassen Menschen sehr schnell ihr Verhalten an die neuen Gegebenheiten an. Im t\u00e4glichen\nLeben kann man dies beobachten, wenn man eine Person bei der Arbeit beobachtet\nund dann bei einer Freizeitaktivit\u00e4t mit Freunden. Das soziale Verhalten\nderselben Person unterscheidet sich und ist an die jeweilige Situation\nangepasst. Dies bedeutet das unser Verhalten der nat\u00fcrlichen Selektion\nunterliegt und immer angepasst wird, sobald sich die sozialen Bedingungen \u00e4ndern.\nIn Bezug auf Kooperation und Teamarbeit bedeutet dies, dass Menschen abh\u00e4ngig\nvon den Bedingungen mehr oder weniger kooperieren. Typische Symptome f\u00fcr ung\u00fcnstige\nRandbedingungen sind viel Koordinationsaufwand, interne Reibungsverluste,\ngeringe Motivation,<\/p>\n\n\n\n<p><strong>Das Darwin Prinzip:<\/strong> Lebewesen unterscheiden sich in ihren Verhaltensweisen und\nEigenschaften. Zeigt ein Lebewesen eine Verhaltensweise, die sich unter dem\nStrich positiv auszahlt (Nettogewinn), dann wird diese durch nat\u00fcrliche\nSelektion h\u00e4ufiger. Dies bedeutet, alles was wir heute in der Natur sehr h\u00e4ufig\nbeobachten k\u00f6nnen, hat sich ausgebreitet, weil es einen Nettogewinn f\u00fcr das\nIndividuum, welches diese Verhaltensweise zeigt, bewirkt.<\/p>\n","protected":false},"excerpt":{"rendered":"<p>Wir Menschen sind die kooperativste Spezies auf diesem Planeten. Wir kooperieren fast den ganzen Tag mit unseren Mitmenschen ohne, dass es uns bewusst ist. Mit sozialen Regeln haben wir uns eine Umwelt geschaffen, in der es sich f\u00fcr jeden einzelnen Menschen lohnt sich kooperativ zu verhalten. Was uns aber besonders auff\u00e4llt sind die unkooperativen zwischenmenschlichen &hellip; <\/p>\n<p class=\"link-more\"><a href=\"https:\/\/natural-cooperation.de\/?page_id=12\" class=\"more-link\"><span class=\"screen-reader-text\">\u201eDie Basis\u201c <\/span>weiterlesen<\/a><\/p>\n","protected":false},"author":1,"featured_media":0,"parent":0,"menu_order":0,"comment_status":"closed","ping_status":"closed","template":"","meta":{"footnotes":""},"class_list":["post-12","page","type-page","status-publish","hentry"],"_links":{"self":[{"href":"https:\/\/natural-cooperation.de\/index.php?rest_route=\/wp\/v2\/pages\/12","targetHints":{"allow":["GET"]}}],"collection":[{"href":"https:\/\/natural-cooperation.de\/index.php?rest_route=\/wp\/v2\/pages"}],"about":[{"href":"https:\/\/natural-cooperation.de\/index.php?rest_route=\/wp\/v2\/types\/page"}],"author":[{"embeddable":true,"href":"https:\/\/natural-cooperation.de\/index.php?rest_route=\/wp\/v2\/users\/1"}],"replies":[{"embeddable":true,"href":"https:\/\/natural-cooperation.de\/index.php?rest_route=%2Fwp%2Fv2%2Fcomments&post=12"}],"version-history":[{"count":8,"href":"https:\/\/natural-cooperation.de\/index.php?rest_route=\/wp\/v2\/pages\/12\/revisions"}],"predecessor-version":[{"id":526,"href":"https:\/\/natural-cooperation.de\/index.php?rest_route=\/wp\/v2\/pages\/12\/revisions\/526"}],"wp:attachment":[{"href":"https:\/\/natural-cooperation.de\/index.php?rest_route=%2Fwp%2Fv2%2Fmedia&parent=12"}],"curies":[{"name":"wp","href":"https:\/\/api.w.org\/{rel}","templated":true}]}}