{"id":129,"date":"2020-02-13T18:06:03","date_gmt":"2020-02-13T18:06:03","guid":{"rendered":"http:\/\/natural-cooperation.de\/?page_id=129"},"modified":"2024-05-27T14:55:54","modified_gmt":"2024-05-27T14:55:54","slug":"partner-und-kunden","status":"publish","type":"page","link":"https:\/\/natural-cooperation.de\/?page_id=129","title":{"rendered":"Partner\/Kunden"},"content":{"rendered":"\n<div class=\"wp-block-columns is-layout-flex wp-container-core-columns-is-layout-9d6595d7 wp-block-columns-is-layout-flex\">\n<div class=\"wp-block-column is-layout-flow wp-block-column-is-layout-flow\" style=\"flex-basis:250px\">\n<h1 class=\"wp-block-heading\"><strong>Kunden<\/strong><\/h1>\n\n\n\n<h2 class=\"wp-block-heading\"><a href=\"https:\/\/www.ihk.de\/schleswig-holstein\/\">IHK zu Kiel<\/a><\/h2>\n\n\n\n<figure class=\"wp-block-gallery has-nested-images columns-default is-cropped wp-block-gallery-1 is-layout-flex wp-block-gallery-is-layout-flex\">\n<figure class=\"wp-block-image size-large\"><img loading=\"lazy\" decoding=\"async\" width=\"383\" height=\"132\" data-id=\"445\" src=\"https:\/\/natural-cooperation.de\/wp-content\/uploads\/2024\/05\/IHK-zu-Kiel.png\" alt=\"\" class=\"wp-image-445\" srcset=\"https:\/\/natural-cooperation.de\/wp-content\/uploads\/2024\/05\/IHK-zu-Kiel.png 383w, https:\/\/natural-cooperation.de\/wp-content\/uploads\/2024\/05\/IHK-zu-Kiel-300x103.png 300w\" sizes=\"auto, (max-width: 383px) 100vw, 383px\" \/><\/figure>\n<\/figure>\n\n\n\n<h2 class=\"wp-block-heading\"><a href=\"https:\/\/www.schleswig-holstein.de\/DE\/landesregierung\/themen\/arbeit\/personalmanagement\/coaching\/coaching_node.html?letter=S#glossar_137f4096-92a0-42d7-85fb-5ebe62ec46f6\">Land Schleswig-Holstein<\/a><\/h2>\n\n\n\n<figure class=\"wp-block-image size-full\"><img loading=\"lazy\" decoding=\"async\" width=\"252\" height=\"122\" src=\"https:\/\/natural-cooperation.de\/wp-content\/uploads\/2024\/02\/Screenshot-2024-02-09-115058.png\" alt=\"\" class=\"wp-image-413\"\/><\/figure>\n\n\n\n<p>Wenn Sie im \u00f6ffentlichen Dienst arbeiten, k\u00f6nnen Sie mich im Beraterpool des Landes Schleswig-Holstein finden.<\/p>\n\n\n\n<h2 class=\"wp-block-heading\"><a href=\"https:\/\/www.gcp-service.com\/\">GCP Services<\/a><\/h2>\n\n\n\n<figure class=\"wp-block-image\"><img loading=\"lazy\" decoding=\"async\" width=\"265\" height=\"62\" src=\"http:\/\/natural-cooperation.de\/wp-content\/uploads\/2020\/02\/gcp_services.png\" alt=\"\" class=\"wp-image-131\"\/><\/figure>\n\n\n\n<h2 class=\"wp-block-heading\"><a href=\"https:\/\/www.dhsh.de\/\" target=\"_blank\" rel=\"noreferrer noopener\">Duale Hochschule SH<\/a><\/h2>\n\n\n\n<figure class=\"wp-block-image\"><img loading=\"lazy\" decoding=\"async\" width=\"800\" height=\"254\" src=\"http:\/\/natural-cooperation.de\/wp-content\/uploads\/2020\/01\/Logo_DHSH_Text_Extra_Lange_RGB.jpg\" alt=\"\" class=\"wp-image-52\" srcset=\"https:\/\/natural-cooperation.de\/wp-content\/uploads\/2020\/01\/Logo_DHSH_Text_Extra_Lange_RGB.jpg 800w, https:\/\/natural-cooperation.de\/wp-content\/uploads\/2020\/01\/Logo_DHSH_Text_Extra_Lange_RGB-300x95.jpg 300w, https:\/\/natural-cooperation.de\/wp-content\/uploads\/2020\/01\/Logo_DHSH_Text_Extra_Lange_RGB-768x244.jpg 768w\" sizes=\"auto, (max-width: 706px) 89vw, (max-width: 767px) 82vw, 740px\" \/><\/figure>\n\n\n\n<h2 class=\"wp-block-heading\"><a href=\"https:\/\/www.meteolytix.de\/\" target=\"_blank\" rel=\"noreferrer noopener\">Meteolytix<\/a><\/h2>\n\n\n\n<figure class=\"wp-block-image\"><img loading=\"lazy\" decoding=\"async\" width=\"406\" height=\"93\" src=\"http:\/\/natural-cooperation.de\/wp-content\/uploads\/2020\/02\/meteolytix.png\" alt=\"\" class=\"wp-image-132\" srcset=\"https:\/\/natural-cooperation.de\/wp-content\/uploads\/2020\/02\/meteolytix.png 406w, https:\/\/natural-cooperation.de\/wp-content\/uploads\/2020\/02\/meteolytix-300x69.png 300w\" sizes=\"auto, (max-width: 406px) 100vw, 406px\" \/><\/figure>\n\n\n\n<h2 class=\"wp-block-heading\"><a href=\"https:\/\/www.rademann-kiel.de\/\" target=\"_blank\" rel=\"noreferrer noopener\">Rademann<\/a><\/h2>\n\n\n\n<figure class=\"wp-block-image\"><img loading=\"lazy\" decoding=\"async\" width=\"299\" height=\"57\" src=\"http:\/\/natural-cooperation.de\/wp-content\/uploads\/2020\/01\/Logo_Rademann_pantone_zw.png\" alt=\"\" class=\"wp-image-53\"\/><\/figure>\n\n\n\n<h2 class=\"wp-block-heading\"><a href=\"https:\/\/www.spk-westholstein.de\/de\/home.html\">Sparkasse Westholstein<\/a><\/h2>\n\n\n\n<figure class=\"wp-block-image\"><a href=\"https:\/\/www.spk-westholstein.de\/de\/home.html\"><img loading=\"lazy\" decoding=\"async\" width=\"284\" height=\"96\" src=\"http:\/\/natural-cooperation.de\/wp-content\/uploads\/2020\/09\/sparkasse-Westholstein.png\" alt=\"\" class=\"wp-image-277\"\/><\/a><\/figure>\n\n\n\n<h2 class=\"wp-block-heading\"><a href=\"https:\/\/www.b2k-architekten.com\/\" target=\"_blank\" rel=\"noreferrer noopener\">B2K<\/a> und <a href=\"https:\/\/dn-ing.de\/\" target=\"_blank\" rel=\"noreferrer noopener\">dn Ingenieure<\/a><\/h2>\n\n\n\n<figure class=\"wp-block-image\"><img loading=\"lazy\" decoding=\"async\" width=\"1024\" height=\"442\" src=\"http:\/\/natural-cooperation.de\/wp-content\/uploads\/2020\/01\/Logo-dn-ing-1024x442.jpg\" alt=\"\" class=\"wp-image-51\" srcset=\"https:\/\/natural-cooperation.de\/wp-content\/uploads\/2020\/01\/Logo-dn-ing-1024x442.jpg 1024w, https:\/\/natural-cooperation.de\/wp-content\/uploads\/2020\/01\/Logo-dn-ing-300x130.jpg 300w, https:\/\/natural-cooperation.de\/wp-content\/uploads\/2020\/01\/Logo-dn-ing-768x332.jpg 768w, https:\/\/natural-cooperation.de\/wp-content\/uploads\/2020\/01\/Logo-dn-ing-1536x663.jpg 1536w, https:\/\/natural-cooperation.de\/wp-content\/uploads\/2020\/01\/Logo-dn-ing.jpg 1788w\" sizes=\"auto, (max-width: 706px) 89vw, (max-width: 767px) 82vw, 740px\" \/><\/figure>\n\n\n\n<figure class=\"wp-block-image\"><img loading=\"lazy\" decoding=\"async\" width=\"1024\" height=\"474\" src=\"http:\/\/natural-cooperation.de\/wp-content\/uploads\/2020\/01\/logo-b2k-ingenieure-1024x474.png\" alt=\"\" class=\"wp-image-54\" srcset=\"https:\/\/natural-cooperation.de\/wp-content\/uploads\/2020\/01\/logo-b2k-ingenieure-1024x474.png 1024w, https:\/\/natural-cooperation.de\/wp-content\/uploads\/2020\/01\/logo-b2k-ingenieure-300x139.png 300w, https:\/\/natural-cooperation.de\/wp-content\/uploads\/2020\/01\/logo-b2k-ingenieure-768x356.png 768w, https:\/\/natural-cooperation.de\/wp-content\/uploads\/2020\/01\/logo-b2k-ingenieure.png 1280w\" sizes=\"auto, (max-width: 706px) 89vw, (max-width: 767px) 82vw, 740px\" \/><\/figure>\n<\/div>\n\n\n\n<div class=\"wp-block-column is-layout-flow wp-block-column-is-layout-flow\" style=\"flex-basis:100px\"><\/div>\n\n\n\n<div class=\"wp-block-column is-layout-flow wp-block-column-is-layout-flow\" style=\"flex-basis:250px\">\n<h1 class=\"wp-block-heading\"><strong>Partner<\/strong><\/h1>\n\n\n\n<h2 class=\"wp-block-heading\"><a href=\"https:\/\/idalabs.de\/\">IDALabs<\/a><\/h2>\n\n\n\n<div class=\"wp-block-group\"><div class=\"wp-block-group__inner-container is-layout-constrained wp-block-group-is-layout-constrained\">\n<figure class=\"wp-block-image size-full\"><img loading=\"lazy\" decoding=\"async\" width=\"270\" height=\"78\" src=\"https:\/\/natural-cooperation.de\/wp-content\/uploads\/2024\/02\/IDA-Labs.png\" alt=\"\" class=\"wp-image-387\"\/><\/figure>\n\n\n\n<h2 class=\"wp-block-heading\"><a href=\"https:\/\/www.buerokompetenz.de\/\">Hugo Hamann<\/a><\/h2>\n\n\n\n<figure class=\"wp-block-image size-full is-resized\"><img loading=\"lazy\" decoding=\"async\" width=\"320\" height=\"320\" src=\"https:\/\/natural-cooperation.de\/wp-content\/uploads\/2024\/02\/Hugo-Hamann.jpg\" alt=\"\" class=\"wp-image-415\" style=\"width:121px;height:auto\" srcset=\"https:\/\/natural-cooperation.de\/wp-content\/uploads\/2024\/02\/Hugo-Hamann.jpg 320w, https:\/\/natural-cooperation.de\/wp-content\/uploads\/2024\/02\/Hugo-Hamann-300x300.jpg 300w, https:\/\/natural-cooperation.de\/wp-content\/uploads\/2024\/02\/Hugo-Hamann-150x150.jpg 150w, https:\/\/natural-cooperation.de\/wp-content\/uploads\/2024\/02\/Hugo-Hamann-100x100.jpg 100w\" sizes=\"auto, (max-width: 320px) 100vw, 320px\" \/><\/figure>\n\n\n\n<h2 class=\"wp-block-heading\">Kompetenzen Manufaktur<\/h2>\n\n\n\n<figure class=\"wp-block-image size-large is-resized\"><img loading=\"lazy\" decoding=\"async\" width=\"1024\" height=\"871\" src=\"http:\/\/natural-cooperation.de\/wp-content\/uploads\/2020\/02\/e-1024x871.png\" alt=\"\" class=\"wp-image-133\" style=\"aspect-ratio:1.1787234042553192;width:135px;height:auto\" srcset=\"https:\/\/natural-cooperation.de\/wp-content\/uploads\/2020\/02\/e-1024x871.png 1024w, https:\/\/natural-cooperation.de\/wp-content\/uploads\/2020\/02\/e-300x255.png 300w, https:\/\/natural-cooperation.de\/wp-content\/uploads\/2020\/02\/e-768x653.png 768w, https:\/\/natural-cooperation.de\/wp-content\/uploads\/2020\/02\/e.png 1151w\" sizes=\"auto, (max-width: 706px) 89vw, (max-width: 767px) 82vw, 740px\" \/><\/figure>\n\n\n\n<p>Mit der Kompetenzen-Manufaktur habe ich gemeinsam einen YouTube Beitrag &#8222;\u00c4rger in der B\u00fcrok\u00fcche? Kooperation in Unternehmen&#8220; gedreht.\u00a0Hierbei geht es um meine Forschungsergebnisse und deren Anwendungsm\u00f6glichkeiten in Unternehmen. Die Kompetenzen-Manufaktur unterst\u00fctzt F\u00fchrungskr\u00e4fte und Unternehmern durch praxisnahes Mentoring. Der Service basiert auf 15 Jahre erfolgreiche Unternehmererfahrung, vom Start-up-Unternehmer zum Unternehmen mit mehreren Millionen Euro Umsatz pro Jahr. (<a href=\"link:\/\/START\/\">Hier geht es zum Video.)<\/a><\/p>\n\n\n\n<h2 class=\"wp-block-heading\"><a href=\"https:\/\/rochow-prozessberatung.de\/\">Victor Rochow Prozessberatung<\/a><\/h2>\n\n\n\n<figure class=\"wp-block-image size-full\"><img loading=\"lazy\" decoding=\"async\" width=\"132\" height=\"132\" src=\"https:\/\/natural-cooperation.de\/wp-content\/uploads\/2024\/02\/E-Mail-Signatur-Rochow-Prozessberatung.png\" alt=\"\" class=\"wp-image-385\" srcset=\"https:\/\/natural-cooperation.de\/wp-content\/uploads\/2024\/02\/E-Mail-Signatur-Rochow-Prozessberatung.png 132w, https:\/\/natural-cooperation.de\/wp-content\/uploads\/2024\/02\/E-Mail-Signatur-Rochow-Prozessberatung-100x100.png 100w\" sizes=\"auto, (max-width: 132px) 100vw, 132px\" \/><\/figure>\n\n\n\n<p>Wir haben viele Kundenprojekte gemeinsam durchgef\u00fchrt.<\/p>\n<\/div><\/div>\n<\/div>\n<\/div>\n\n\n\n<h1 class=\"wp-block-heading\"><\/h1>\n\n\n\n<h1 class=\"wp-block-heading\"><\/h1>\n\n\n\n<p><\/p>\n","protected":false},"excerpt":{"rendered":"<p>Kunden IHK zu Kiel Land Schleswig-Holstein Wenn Sie im \u00f6ffentlichen Dienst arbeiten, k\u00f6nnen Sie mich im Beraterpool des Landes Schleswig-Holstein finden. GCP Services Duale Hochschule SH Meteolytix Rademann Sparkasse Westholstein B2K und dn Ingenieure Partner IDALabs Hugo Hamann Kompetenzen Manufaktur Mit der Kompetenzen-Manufaktur habe ich gemeinsam einen YouTube Beitrag &#8222;\u00c4rger in der B\u00fcrok\u00fcche? Kooperation in &hellip; <\/p>\n<p class=\"link-more\"><a href=\"https:\/\/natural-cooperation.de\/?page_id=129\" class=\"more-link\"><span class=\"screen-reader-text\">\u201ePartner\/Kunden\u201c <\/span>weiterlesen<\/a><\/p>\n","protected":false},"author":1,"featured_media":0,"parent":0,"menu_order":0,"comment_status":"closed","ping_status":"closed","template":"","meta":{"footnotes":""},"class_list":["post-129","page","type-page","status-publish","hentry"],"_links":{"self":[{"href":"https:\/\/natural-cooperation.de\/index.php?rest_route=\/wp\/v2\/pages\/129","targetHints":{"allow":["GET"]}}],"collection":[{"href":"https:\/\/natural-cooperation.de\/index.php?rest_route=\/wp\/v2\/pages"}],"about":[{"href":"https:\/\/natural-cooperation.de\/index.php?rest_route=\/wp\/v2\/types\/page"}],"author":[{"embeddable":true,"href":"https:\/\/natural-cooperation.de\/index.php?rest_route=\/wp\/v2\/users\/1"}],"replies":[{"embeddable":true,"href":"https:\/\/natural-cooperation.de\/index.php?rest_route=%2Fwp%2Fv2%2Fcomments&post=129"}],"version-history":[{"count":28,"href":"https:\/\/natural-cooperation.de\/index.php?rest_route=\/wp\/v2\/pages\/129\/revisions"}],"predecessor-version":[{"id":446,"href":"https:\/\/natural-cooperation.de\/index.php?rest_route=\/wp\/v2\/pages\/129\/revisions\/446"}],"wp:attachment":[{"href":"https:\/\/natural-cooperation.de\/index.php?rest_route=%2Fwp%2Fv2%2Fmedia&parent=129"}],"curies":[{"name":"wp","href":"https:\/\/api.w.org\/{rel}","templated":true}]}}