{"id":13,"date":"2020-01-29T14:35:44","date_gmt":"2020-01-29T14:35:44","guid":{"rendered":"http:\/\/natural-cooperation.de\/?page_id=13"},"modified":"2024-02-09T11:08:47","modified_gmt":"2024-02-09T11:08:47","slug":"beratung","status":"publish","type":"page","link":"https:\/\/natural-cooperation.de\/?page_id=13","title":{"rendered":"Dienstleistungen"},"content":{"rendered":"\n<h1 class=\"wp-block-heading\">Meine Dienstleistungen <\/h1>\n\n\n\n<p>Meine Beratungsleistungen sind je nach Bedarf und Umfang gestaffelt. Die Feststellung des Umfangs der Beratungsprojekte erfolgt nach einer pers\u00f6nlichen Darstellung ihrer individuellen Problemsituation. <\/p>\n\n\n\n<figure class=\"wp-block-image size-large\"><img loading=\"lazy\" decoding=\"async\" width=\"1024\" height=\"389\" src=\"http:\/\/natural-cooperation.de\/wp-content\/uploads\/2020\/01\/IMG_7447-1024x389.jpg\" alt=\"\" class=\"wp-image-47\" srcset=\"https:\/\/natural-cooperation.de\/wp-content\/uploads\/2020\/01\/IMG_7447-1024x389.jpg 1024w, https:\/\/natural-cooperation.de\/wp-content\/uploads\/2020\/01\/IMG_7447-300x114.jpg 300w, https:\/\/natural-cooperation.de\/wp-content\/uploads\/2020\/01\/IMG_7447-768x292.jpg 768w, https:\/\/natural-cooperation.de\/wp-content\/uploads\/2020\/01\/IMG_7447-1536x583.jpg 1536w, https:\/\/natural-cooperation.de\/wp-content\/uploads\/2020\/01\/IMG_7447-2048x778.jpg 2048w\" sizes=\"auto, (max-width: 706px) 89vw, (max-width: 767px) 82vw, 740px\" \/><\/figure>\n\n\n\n<h2 class=\"wp-block-heading\">Zus\u00e4tzliche Angebote<\/h2>\n\n\n\n<div class=\"wp-block-columns is-layout-flex wp-container-core-columns-is-layout-9d6595d7 wp-block-columns-is-layout-flex\">\n<div class=\"wp-block-column is-layout-flow wp-block-column-is-layout-flow\">\n<p><strong>Individuelle Schulung von F\u00fchrungskr\u00e4ften:<\/strong><\/p>\n\n\n\n<p>Einzelner  F\u00fchrungskr\u00e4fte werden geschult   kooperationshemmende Strukturen zu  erkennen und kooperationsf\u00f6rderde   Strukturen einzuf\u00fchren.   <\/p>\n<\/div>\n\n\n\n<div class=\"wp-block-column is-layout-flow wp-block-column-is-layout-flow\">\n<p><strong>Workshops  f\u00fcr F\u00fchrungskr\u00e4ften &amp; selbstorganisierten Teams: <\/strong><\/p>\n\n\n\n<p>Hier  werden Gruppen (z.B. Projektleiter &amp;   Abteilungsleiter) geschult,  damit Sie eigenst\u00e4ndig Strukturen ver\u00e4ndern k\u00f6nnen die kooperatives Verhalten verbessern.   <\/p>\n<\/div>\n\n\n\n<div class=\"wp-block-column is-layout-flow wp-block-column-is-layout-flow\">\n<p><strong>Keynotes zum Thema Kooperation:<\/strong>  <\/p>\n\n\n\n<p>Eine Einf\u00fchrung in das Kooperationsverhalten, den evolutionsbiologischen Ansatz, nat\u00fcrliche Probleme, empirische und theoretische L\u00f6sungsans\u00e4tze.    <\/p>\n<\/div>\n<\/div>\n\n\n\n<figure class=\"wp-block-image size-large\"><img loading=\"lazy\" decoding=\"async\" width=\"1024\" height=\"408\" src=\"http:\/\/natural-cooperation.de\/wp-content\/uploads\/2020\/01\/IMG_7434-1024x408.jpg\" alt=\"\" class=\"wp-image-46\" srcset=\"https:\/\/natural-cooperation.de\/wp-content\/uploads\/2020\/01\/IMG_7434-1024x408.jpg 1024w, https:\/\/natural-cooperation.de\/wp-content\/uploads\/2020\/01\/IMG_7434-300x119.jpg 300w, https:\/\/natural-cooperation.de\/wp-content\/uploads\/2020\/01\/IMG_7434-768x306.jpg 768w, https:\/\/natural-cooperation.de\/wp-content\/uploads\/2020\/01\/IMG_7434-1536x611.jpg 1536w, https:\/\/natural-cooperation.de\/wp-content\/uploads\/2020\/01\/IMG_7434-2048x815.jpg 2048w\" sizes=\"auto, (max-width: 706px) 89vw, (max-width: 767px) 82vw, 740px\" \/><\/figure>\n\n\n\n<p>Des Weiteren entwickele ich Konzepte und Projektpl\u00e4ne, bei denen ich bei Bedarf auch die Projektleitung und das Projektmanagement \u00fcbernehme.<\/p>\n\n\n\n<p><strong>Der Umfang richtet sich nach Ihrem Bedarf:<\/strong><\/p>\n\n\n\n<div class=\"wp-block-columns is-layout-flex wp-container-core-columns-is-layout-9d6595d7 wp-block-columns-is-layout-flex\">\n<div class=\"wp-block-column is-layout-flow wp-block-column-is-layout-flow\">\n<p> <strong>Kurzberatungen von 2 und 4 Stunden:<\/strong> <\/p>\n\n\n\n<p>Hier werden die wichtigsten Kooperationsprobleme identifiziert und die notwendigen Struktur\u00e4nderungen erl\u00e4utert. Dies betrifft auch die Vermeidung zuk\u00fcnftiger Probleme.   <\/p>\n<\/div>\n\n\n\n<div class=\"wp-block-column is-layout-flow wp-block-column-is-layout-flow\">\n<p> <strong>Beratertage:<\/strong> <\/p>\n\n\n\n<p>Hier  werden Kooperationsprobleme identifiziert, die notwendigen Struktur\u00e4nderungen erarbeitet und die Verantwortlichen f\u00fcr die Umsetzung f\u00fcr die Einf\u00fchrung dieser Strukturen begleitet. Die Anzahl der Beratertage ist abh\u00e4ngig von der Komplexit\u00e4t.   <\/p>\n<\/div>\n<\/div>\n\n\n\n<p>Alle Dienstleistungen werden, nach Bedarf, Vor-Ort, Online oder Hybrid angeboten. <\/p>\n","protected":false},"excerpt":{"rendered":"<p>Meine Dienstleistungen Meine Beratungsleistungen sind je nach Bedarf und Umfang gestaffelt. Die Feststellung des Umfangs der Beratungsprojekte erfolgt nach einer pers\u00f6nlichen Darstellung ihrer individuellen Problemsituation. Zus\u00e4tzliche Angebote Individuelle Schulung von F\u00fchrungskr\u00e4ften: Einzelner F\u00fchrungskr\u00e4fte werden geschult kooperationshemmende Strukturen zu erkennen und kooperationsf\u00f6rderde Strukturen einzuf\u00fchren. Workshops f\u00fcr F\u00fchrungskr\u00e4ften &amp; selbstorganisierten Teams: Hier werden Gruppen (z.B. Projektleiter &amp; &hellip; <\/p>\n<p class=\"link-more\"><a href=\"https:\/\/natural-cooperation.de\/?page_id=13\" class=\"more-link\"><span class=\"screen-reader-text\">\u201eDienstleistungen\u201c <\/span>weiterlesen<\/a><\/p>\n","protected":false},"author":1,"featured_media":0,"parent":0,"menu_order":0,"comment_status":"closed","ping_status":"closed","template":"","meta":{"footnotes":""},"class_list":["post-13","page","type-page","status-publish","hentry"],"_links":{"self":[{"href":"https:\/\/natural-cooperation.de\/index.php?rest_route=\/wp\/v2\/pages\/13","targetHints":{"allow":["GET"]}}],"collection":[{"href":"https:\/\/natural-cooperation.de\/index.php?rest_route=\/wp\/v2\/pages"}],"about":[{"href":"https:\/\/natural-cooperation.de\/index.php?rest_route=\/wp\/v2\/types\/page"}],"author":[{"embeddable":true,"href":"https:\/\/natural-cooperation.de\/index.php?rest_route=\/wp\/v2\/users\/1"}],"replies":[{"embeddable":true,"href":"https:\/\/natural-cooperation.de\/index.php?rest_route=%2Fwp%2Fv2%2Fcomments&post=13"}],"version-history":[{"count":16,"href":"https:\/\/natural-cooperation.de\/index.php?rest_route=\/wp\/v2\/pages\/13\/revisions"}],"predecessor-version":[{"id":411,"href":"https:\/\/natural-cooperation.de\/index.php?rest_route=\/wp\/v2\/pages\/13\/revisions\/411"}],"wp:attachment":[{"href":"https:\/\/natural-cooperation.de\/index.php?rest_route=%2Fwp%2Fv2%2Fmedia&parent=13"}],"curies":[{"name":"wp","href":"https:\/\/api.w.org\/{rel}","templated":true}]}}