{"id":14,"date":"2020-01-29T14:35:45","date_gmt":"2020-01-29T14:35:45","guid":{"rendered":"http:\/\/natural-cooperation.de\/?page_id=14"},"modified":"2025-10-14T14:35:18","modified_gmt":"2025-10-14T14:35:18","slug":"publikationen","status":"publish","type":"page","link":"https:\/\/natural-cooperation.de\/?page_id=14","title":{"rendered":"Publikationen"},"content":{"rendered":"\n<p>Hier finden Sie meine wissenschaftlichen Publikationen und Berichte \u00fcber meine Arbeit in der Presse.<\/p>\n\n\n\n<h2 class=\"wp-block-heading\">Letzte Workshops und Vortr\u00e4ge<\/h2>\n\n\n\n<h2 class=\"wp-block-heading\">Die 67. Sylter Woche<\/h2>\n\n\n\n<p>Was f\u00fcr ein Erlebnis. Ich m\u00f6chte mich ganz herzlich bei allen Organisatoren, Verantwortlichen und der Zahn\u00e4rztekammer Schleswig-Holstein f\u00fcr die Einladung bedanken. Den Er\u00f6ffnungsvortrag &#8222;Die Kunst (k)ein Egoist zu sein \u2013 Wie entsteht Kooperation in einer Welt von Egoisten?&#8220; vor einer solch imposanten Kulisse zu halten ist auch f\u00fcr mich nicht allt\u00e4glich und das tolle Feedback hat mich sehr gefreut.<br>Die Sylter Woche ist ein gro\u00dfartig organisierter Fortbildungskongress und es war mir eine wirkliche Freude ein Teil der 67. Sylter Woche zu sein.<br><a href=\"https:\/\/sylterwoche.de\/\">https:\/\/sylterwoche.de\/<\/a><\/p>\n\n\n\n<figure class=\"wp-block-gallery has-nested-images columns-default is-cropped wp-block-gallery-1 is-layout-flex wp-block-gallery-is-layout-flex\">\n<figure class=\"wp-block-image size-large\"><img loading=\"lazy\" decoding=\"async\" width=\"768\" height=\"1024\" data-id=\"520\" src=\"https:\/\/natural-cooperation.de\/wp-content\/uploads\/2025\/06\/5adc8622-919f-4e57-a740-2ee1ef5b52b8-768x1024.jpg\" alt=\"\" class=\"wp-image-520\" srcset=\"https:\/\/natural-cooperation.de\/wp-content\/uploads\/2025\/06\/5adc8622-919f-4e57-a740-2ee1ef5b52b8-768x1024.jpg 768w, https:\/\/natural-cooperation.de\/wp-content\/uploads\/2025\/06\/5adc8622-919f-4e57-a740-2ee1ef5b52b8-225x300.jpg 225w, https:\/\/natural-cooperation.de\/wp-content\/uploads\/2025\/06\/5adc8622-919f-4e57-a740-2ee1ef5b52b8-1152x1536.jpg 1152w, https:\/\/natural-cooperation.de\/wp-content\/uploads\/2025\/06\/5adc8622-919f-4e57-a740-2ee1ef5b52b8.jpg 1200w\" sizes=\"auto, (max-width: 706px) 89vw, (max-width: 767px) 82vw, 740px\" \/><\/figure>\n\n\n\n<figure class=\"wp-block-image size-large\"><img loading=\"lazy\" decoding=\"async\" width=\"1024\" height=\"768\" data-id=\"521\" src=\"https:\/\/natural-cooperation.de\/wp-content\/uploads\/2025\/06\/9e1c7fa4-ea2e-4162-9db1-2bda92c38b81-1024x768.jpg\" alt=\"\" class=\"wp-image-521\" srcset=\"https:\/\/natural-cooperation.de\/wp-content\/uploads\/2025\/06\/9e1c7fa4-ea2e-4162-9db1-2bda92c38b81-1024x768.jpg 1024w, https:\/\/natural-cooperation.de\/wp-content\/uploads\/2025\/06\/9e1c7fa4-ea2e-4162-9db1-2bda92c38b81-300x225.jpg 300w, https:\/\/natural-cooperation.de\/wp-content\/uploads\/2025\/06\/9e1c7fa4-ea2e-4162-9db1-2bda92c38b81-768x576.jpg 768w, https:\/\/natural-cooperation.de\/wp-content\/uploads\/2025\/06\/9e1c7fa4-ea2e-4162-9db1-2bda92c38b81-1536x1152.jpg 1536w, https:\/\/natural-cooperation.de\/wp-content\/uploads\/2025\/06\/9e1c7fa4-ea2e-4162-9db1-2bda92c38b81.jpg 1600w\" sizes=\"auto, (max-width: 706px) 89vw, (max-width: 767px) 82vw, 740px\" \/><\/figure>\n\n\n\n<figure class=\"wp-block-image size-large\"><img loading=\"lazy\" decoding=\"async\" width=\"1024\" height=\"576\" data-id=\"522\" src=\"https:\/\/natural-cooperation.de\/wp-content\/uploads\/2025\/06\/IMG_4234-1024x576.jpeg\" alt=\"\" class=\"wp-image-522\" srcset=\"https:\/\/natural-cooperation.de\/wp-content\/uploads\/2025\/06\/IMG_4234-1024x576.jpeg 1024w, https:\/\/natural-cooperation.de\/wp-content\/uploads\/2025\/06\/IMG_4234-300x169.jpeg 300w, https:\/\/natural-cooperation.de\/wp-content\/uploads\/2025\/06\/IMG_4234-768x432.jpeg 768w, https:\/\/natural-cooperation.de\/wp-content\/uploads\/2025\/06\/IMG_4234-1536x864.jpeg 1536w, https:\/\/natural-cooperation.de\/wp-content\/uploads\/2025\/06\/IMG_4234-2048x1152.jpeg 2048w\" sizes=\"auto, (max-width: 706px) 89vw, (max-width: 767px) 82vw, 740px\" \/><\/figure>\n<\/figure>\n\n\n\n<p><strong>IHK zu Kiel<\/strong><\/p>\n\n\n\n<figure class=\"wp-block-image size-large\"><img loading=\"lazy\" decoding=\"async\" width=\"1024\" height=\"706\" src=\"https:\/\/natural-cooperation.de\/wp-content\/uploads\/2024\/05\/IHK-zu-Kiel-auf-einen-kaffee-mit-2024-1024x706.png\" alt=\"\" class=\"wp-image-431\" srcset=\"https:\/\/natural-cooperation.de\/wp-content\/uploads\/2024\/05\/IHK-zu-Kiel-auf-einen-kaffee-mit-2024-1024x706.png 1024w, https:\/\/natural-cooperation.de\/wp-content\/uploads\/2024\/05\/IHK-zu-Kiel-auf-einen-kaffee-mit-2024-300x207.png 300w, https:\/\/natural-cooperation.de\/wp-content\/uploads\/2024\/05\/IHK-zu-Kiel-auf-einen-kaffee-mit-2024-768x530.png 768w, https:\/\/natural-cooperation.de\/wp-content\/uploads\/2024\/05\/IHK-zu-Kiel-auf-einen-kaffee-mit-2024.png 1060w\" sizes=\"auto, (max-width: 706px) 89vw, (max-width: 767px) 82vw, 740px\" \/><\/figure>\n\n\n\n<p><strong>Digitale Woche 2024<\/strong><\/p>\n\n\n\n<p>Vielen Dank an alle die diese tolle Woche organisiert haben. Es war ein tolles Erlebnis.<\/p>\n\n\n\n<div class=\"wp-block-columns is-layout-flex wp-container-core-columns-is-layout-9d6595d7 wp-block-columns-is-layout-flex\">\n<div class=\"wp-block-column is-layout-flow wp-block-column-is-layout-flow\">\n<p><a href=\"https:\/\/digitalewochekiel.de\/programm\/01hsg87d2p0bbkv857cd3gc3kq\">Transformationsprozesse im eigenen Unternehmen. Wie k\u00f6nnen wir uns darauf als Team vorbereiten?<\/a><a href=\"https:\/\/digitalewochekiel.de\/programm\/01hsg87d2p0bbkv857cd3gc3kq\"><\/a><\/p>\n<\/div>\n\n\n\n<div class=\"wp-block-column is-layout-flow wp-block-column-is-layout-flow\">\n<figure class=\"wp-block-image size-full is-resized\"><img loading=\"lazy\" decoding=\"async\" width=\"299\" height=\"168\" src=\"https:\/\/natural-cooperation.de\/wp-content\/uploads\/2024\/05\/Diwokiel.png\" alt=\"\" class=\"wp-image-436\" style=\"width:226px;height:auto\"\/><\/figure>\n<\/div>\n<\/div>\n\n\n\n<h2 class=\"wp-block-heading\">Vergangene Vortr\u00e4ge <\/h2>\n\n\n\n<p><\/p>\n\n\n\n<h3 class=\"wp-block-heading\">Hugo Hamann Veranstaltungreihe<\/h3>\n\n\n\n<p><strong>Immer \u00c4rger in der B\u00fcrok\u00fcche \u2013 Survival of the dirties<\/strong> (Hugo Hamann Kiel Oktober 2024, Heinrich H\u00fcnicke L\u00fcbeck Oktober 2024 &amp; Jacob Erichsen Flensburg September 2024)  <\/p>\n\n\n\n<figure class=\"wp-block-image size-full is-resized\"><img loading=\"lazy\" decoding=\"async\" width=\"845\" height=\"422\" src=\"https:\/\/natural-cooperation.de\/wp-content\/uploads\/2025\/02\/Screenshot-2025-02-13-124241.gif\" alt=\"\" class=\"wp-image-500\" style=\"width:630px;height:auto\"\/><\/figure>\n\n\n\n<p>Human cooperation: so crucial, so fragile (<a href=\"https:\/\/sbrb.eu\/\">Schools beyond boarder Oktober 2024<\/a>)<\/p>\n\n\n\n<figure class=\"wp-block-image size-full is-resized\"><img loading=\"lazy\" decoding=\"async\" width=\"388\" height=\"160\" src=\"https:\/\/natural-cooperation.de\/wp-content\/uploads\/2025\/02\/Screenshot-2025-02-13-125308.gif\" alt=\"\" class=\"wp-image-504\" style=\"width:216px;height:auto\"\/><\/figure>\n\n\n\n<p>Lions Club Kiel September 2024<\/p>\n\n\n\n<p>Rotary Club Eckernf\u00f6rde Januar 2024<\/p>\n\n\n\n<p>Kreisverein Zahn\u00e4rzte Rendsburg Dezember 2023<\/p>\n\n\n\n<p>Social networks and human cooperative behavior (Institut f\u00fcr Translationale Psychiatrie November 2023)<\/p>\n\n\n\n<h2 class=\"wp-block-heading\">Onlinevortr\u00e4ge<\/h2>\n\n\n\n<p><a href=\"https:\/\/vimeo.com\/364204345\">https:\/\/vimeo.com\/364204345<\/a><\/p>\n\n\n\n<p><a href=\"https:\/\/vimeo.com\/456102736\">https:\/\/vimeo.com\/456102736<\/a> (Digitale Woche 2021, Mann muss bei vimeo angemeldet sein um dieses Video ansehen zu k\u00f6nnen)<\/p>\n\n\n\n<h2 class=\"wp-block-heading\">Wissenschaft<\/h2>\n\n\n\n<p>Milinski, Manfred; Semmann, Dirk; Marotzke, Jochem (2020): The economic interaction between climate change mitigation, climate migration, and poverty. In <em>Nature Climate Change <\/em>10, pp. 518-525.<\/p>\n\n\n\n<p>Milinski, Manfred; Hilbe, Christian; Semmann, Dirk; Sommerfeld, Ralf; Marotzke, Jochem (2016): Humans choose representatives who enforce cooperation in social dilemmas through extortion. In <em>Nature communications <\/em>7, p.&nbsp;10915.<\/p>\n\n\n\n<p>Hahn, Tim;\nNotebaert, Karolien; Anderl, Christine; Reicherts, Philipp; Wieser, Matthias;\nKopf, Juliane et al. (2015): Reliance on functional resting-state\nnetwork for stable task control predicts behavioral tendency for cooperation. In\n<em>NeuroImage <\/em>118, pp.&nbsp;231\u2013236.<\/p>\n\n\n\n<p>Bednarik, Peter; Fehl, Katrin;\nSemmann, Dirk (2014): Costs for switching partners reduce network dynamics but\nnot cooperative behaviour. In <em>Proceedings of the Royal Society of\nLondon B: Biological Sciences <\/em>281 (1792), p.&nbsp;20141661.<\/p>\n\n\n\n<p>Gruji\u0107, Jelena; Gracia-L\u00e1zaro, Carlos; Milinski, Manfred; Semmann, Dirk; Traulsen, Arne; Cuesta, Jos\u00e9 A. et al. (2014): A comparative analysis of spatial Prisoner\u2019s Dilemma experiments: Conditional cooperation and payoff irrelevance. In <em>Scientific reports <\/em>4, p.&nbsp;4615.<\/p>\n\n\n\n<p>Semmann, Dirk; Capelle, Tessa; Russell, Yvan I. (2013): A rabbit\u2019s tail: conspicuous rump patch causes predator confusion.<\/p>\n\n\n\n<p>Gruji\u0107, Jelena; R\u00f6hl, Torsten; Semmann, Dirk;\nMilinski, Manfred; Traulsen, Arne (2012): Consistent strategy updating in\nspatial and non-spatial behavioral experiments does not promote cooperation in\nsocial networks. In <em>PLoS One <\/em>7 (11), e47718.<\/p>\n\n\n\n<p>Fehl, Katrin; Sommerfeld, Ralf D.;\nSemmann, Dirk; Krambeck, Hans-J\u00fcrgen; Milinski, Manfred (2012): I dare you to\npunish me\u2014vendettas in games of cooperation. In <em>PLoS One <\/em>7\n(9), e45093.<\/p>\n\n\n\n<p>Semmann, Dirk (2012): Conditional cooperation can hinder network reciprocity. In <em>Proceedings of the National Academy of Sciences <\/em>109 (32), pp.&nbsp;12846\u201312847.<\/p>\n\n\n\n<p>Fehl, Katrin; van der Post, Daniel\nJ; Semmann, Dirk (2011): Co-evolution of behaviour and social network structure\npromotes human cooperation. In <em>Ecology letters <\/em>14 (6), pp.&nbsp;546\u2013551.<\/p>\n\n\n\n<p>van der Post, Daniel J; Semmann, Dirk (2011a): Local orientation and the evolution of foraging: Changes in decision making can eliminate evolutionary trade-offs. In <em>PLoS computational biology <\/em>7 (10), e1002186.<\/p>\n\n\n\n<p>van der Post, Daniel J; Semmann, Dirk (2011b): Patch depletion, niche structuring and the evolution of co-operative foraging. In <em>BMC Evolutionary Biology <\/em>11 (1), p.&nbsp;335.<\/p>\n\n\n\n<p>Melis, Alicia P.; Semmann, Dirk (2010): How is\nhuman cooperation different? In <em>Philosophical\nTransactions of the Royal Society B: Biological Sciences <\/em>365 (1553),\npp.&nbsp;2663\u20132674.<\/p>\n\n\n\n<p>Traulsen, Arne; Semmann, Dirk; Sommerfeld, Ralf\nD.; Krambeck, Hans-J\u00fcrgen; Milinski, Manfred (2010): Human strategy updating in\nevolutionary games. In <em>Proceedings of the National Academy of Sciences <\/em>107 (7), pp.&nbsp;2962\u20132966.<\/p>\n\n\n\n<p>Sommerfeld, Ralf D.; Krambeck, Hans-J\u00fcrgen; Semmann, Dirk; Milinski, Manfred (2007): Gossip as an alternative for direct observation in games of indirect reciprocity. In <em>Proceedings of the National Academy of Sciences <\/em>104 (44), pp.&nbsp;17435\u201317440.<\/p>\n\n\n\n<p>Milinski, Manfred; Semmann, Dirk; Krambeck,\nHans-J\u00fcrgen; Marotzke, Jochem (2006): Stabilizing the Earth\u2019s climate is not a\nlosing game: Supporting evidence from public goods experiments. In <em>Proceedings of the National Academy of Sciences of the United States of\nAmerica <\/em>103 (11), pp.&nbsp;3994\u20133998.<\/p>\n\n\n\n<p>Semmann, Dirk; Krambeck, Hans-J\u00fcrgen; Milinski, Manfred (2005): Reputation is valuable within and outside one\u2019s own social group. In <em>Behavioral Ecology and Sociobiology <\/em>57 (6), pp.&nbsp;611\u2013616.<\/p>\n\n\n\n<p>Semmann, Dirk; Krambeck, Hans-J\u00fcrgen; Milinski,\nManfred (2004): Strategic investment in reputation. In <em>Behavioral Ecology and Sociobiology <\/em>56 (3), pp.&nbsp;248\u2013252.<\/p>\n\n\n\n<p>Semmann, Dirk; Krambeck, Hans-J\u00fcrgen; Milinski,\nManfred (2003): Volunteering leads to rock\u2010paper\u2010scissors dynamics in a public\ngoods game. In <em>Nature <\/em>425 (6956), p.&nbsp;390.<\/p>\n\n\n\n<p>Semmann, Dirk: Human cooperative behavior (2003). Christian-Albrechts Universit\u00e4t Kiel.<\/p>\n\n\n\n<p>Milinski, Manfred; Semmann, Dirk; Krambeck, H.\n(2002a): Donors to charity gain in both indirect reciprocity and political\nreputation. In <em>Proceedings of the Royal Society of London B: Biological Sciences <\/em>269 (1494), pp.&nbsp;881\u2013883.<\/p>\n\n\n\n<p>Milinski, Manfred; Semmann, Dirk; Krambeck, Hans-J\u00fcrgen (2002b): Reputation helps solve the \u2018tragedy of the commons\u2019. In <em>Nature <\/em>415 (6870), p.&nbsp;424.<\/p>\n\n\n\n<p>Milinski, Manfred; Semmann, Dirk;\nBakker, Theo C. M.; Krambeck, Hans-J\u00fcrgen (2001): Cooperation through indirect\nreciprocity: image scoring or standing strategy? In <em>Proceedings of the Royal Society of London B: Biological Sciences <\/em>268 (1484), pp.&nbsp;2495\u20132501.<\/p>\n\n\n\n<p>Semmann, Dirk; Parzefall, Jakob; Milinski, Manfred (2001): Versuche zur Kooperation durch indirekte Reziprozit\u00e4t. Universit\u00e4t Hamburg.<\/p>\n\n\n\n<h2 class=\"wp-block-heading\">Presse<\/h2>\n\n\n\n<p>Trotz aller Unterschiede sind wir eine Menschheit &#8211; Symposium Kortizes (<a href=\"https:\/\/hpd.de\/artikel\/trotz-aller-unterschiede-sind-wir-menschheit-21657\">Humanistischer Pressedienst 2023<\/a>) <\/p>\n\n\n\n<p> Streiten f\u00fcr den Zusammenhalt: Studie zeigt Verlauf von Fehden (<a href=\"http:\/\/Abitur und Studium\">Abitur und Studium 2012<\/a>)<\/p>\n\n\n\n<p>G\u00f6ttinger Wissenschaftler untersuchen Selbstorganisation in sozialen Netzwerken (<a href=\"https:\/\/www.extremnews.com\/nachrichten\/computer\/734a13667334508\">Extrem News<\/a> 2011) <\/p>\n\n\n\n<p><strong>Wer hilft, dem wird geholfen<\/strong>: Ist der Mensch ein\ngeborener Altruist? Mit spielerischen Experimenten ergr\u00fcnden Forscher die\nBiologie der N\u00e4chstenliebe: Selbstlos verh\u00e4lt sich offenbar nur, wer durch eine\ngute Tat seinen guten Ruf f\u00f6rdert. Kooperation kann sogar zu einer Triebfeder\nder Evolution werden. <a href=\"http:\/\/www.spiegel.de\/spiegel\/print\/d-75803506.html\" target=\"_blank\" rel=\"noreferrer noopener\">(Spiegel,\nDez. 2010)<\/a><br>\n<br>\n<strong>Die Mechanismen der Kooperation<\/strong>: Portrait Prof. Dr. Dirk Semmann. <a href=\"https:\/\/www.uni-goettingen.de\/de\/115079.html\">(Universit\u00e4t G\u00f6ttingen,\n2009)<\/a><\/p>\n\n\n\n<p><strong>Aussteiger machen Egoisten kooperativ<\/strong> Pressemitteilung (<a href=\"https:\/\/www.mpg.de\/472464\/pressemitteilung20030916\">Max Planck Gesellschaft 2003<\/a>)<\/p>\n\n\n\n<p><strong>Evolution des\nGutmenschen.<\/strong> (<a href=\"http:\/\/www.spiegel.de\/spiegel\/unispiegel\/d-23019702.html\">Der Spiegel,\n2002<\/a>) <strong>Auge\num Auge gegenseitig bestrafen: Die Evolution der Fehde<\/strong> F\u00fchlt\nsich jemand zu Unrecht bestraft und r\u00e4cht sich, dann ist der Weg zur Fehde\nnicht mehr weit. Evolutionsbiologen haben aber ein theoretisches Problem mit\ndiesem allzu menschlichen Verhalten. Radiointerview von und mit Jakob Epler,\nmit Dr. Katrin Fehl und Prof. Dr. D. Semmann. <a href=\"http:\/\/www.dradio.de\/dlf\/sendungen\/studiozeit-ks\/1910088\/\" target=\"_blank\" rel=\"noreferrer noopener\">(Deutschlandfunk, Nov. 2012)<\/a><br><br><strong>Most vendettas come from within a group<\/strong>. <a href=\"http:\/\/www.bps.org.uk\/news\/most-vendettas-come-within-group\" target=\"_blank\" rel=\"noreferrer noopener\">(The British\nPsychological Society, Okt. 2012)<\/a><br><br><strong>An eye for an eye, a tooth for a tooth<\/strong>: The majority of vendettas\noriginate within a group. <a href=\"http:\/\/www.mpg.de\/6592813\/fehden_blutrache\" target=\"_blank\" rel=\"noreferrer noopener\">(Pressemitteilung Max-Planck-Gesellschaft, Okt. 2012)<\/a><br><br><strong>Mechanismen von Strafe und Bestrafung<\/strong>: Studie von G\u00f6ttinger\nVerhaltensbiologen. <a href=\"http:\/\/www.goettinger-tageblatt.de\/Nachrichten\/Wissen\/Wissen-vor-Ort\/Mechanismen-von-Strafe-und-Bestrafung\" target=\"_blank\" rel=\"noreferrer noopener\">(G\u00f6ttinger Tageblatt, 20. Sep. 2012)<\/a><br><br><strong>Streiten f\u00fcr den Zusammenhalt: Studie zeigt Verlauf von Fehden:<\/strong>\nG\u00f6ttinger Wissenschaftler untersuchen Mechanismen von Bestrafung und Rache. <a href=\"http:\/\/www.uni-goettingen.de\/de\/3240.html?cid=4283\" target=\"_blank\" rel=\"noreferrer noopener\">(Pressemittteilung,\nSep. 2012)<\/a><br><br><strong>Kooperation \u2013 Wie entsteht Kooperation in einer Welt von Egoisten?<\/strong>\nVideomitschnitt des \u00f6ffentlichen Vortrags von Prof. Dr. Dirk Semmann. <a href=\"https:\/\/www.uni-goettingen.de\/de\/209488.html\">(Universit\u00e4t G\u00f6ttingen,\nNov. 2011)<\/a><br><br><strong>Wer nicht kooperiert, wird ausgegrenzt<\/strong>: G\u00f6ttinger Wissenschaftler\nuntersuchen Selbstorganisation in sozialen Netzwerken. <a href=\"http:\/\/www.uni-goettingen.de\/de\/3240.html?cid=3821\" target=\"_blank\" rel=\"noreferrer noopener\">(Pressemittteilung, April 2011)<\/a><br><br><strong>Why rabbits have fluffy white tails.<\/strong> Brought by the science and technology\npodcast Babbage of The Economist (see min 9:40). <a href=\"http:\/\/www.economist.com\/blogs\/babbage\/2013\/08\/babbage-august-14th-2013\" target=\"_blank\" rel=\"noreferrer noopener\">(The Economist, Aug. 2013)<\/a><br><br><strong>Wozu der Hase seine Lampe braucht.<\/strong> Deutscher Evolutionsbiologe f\u00fchrt\nExperiment durch und schlie\u00dft daraus: Auff\u00e4lliger Farbfleck erh\u00f6ht\n\u00dcberlebenschancen. <a href=\"http:\/\/www.economist.com\/blogs\/babbage\/2013\/08\/babbage-august-14th-2013\" target=\"_blank\" rel=\"noreferrer noopener\">(Der Standard,\n\u00d6sterreich, Aug. 2013)<\/a><br><br><strong>Why rabbits have white tails<\/strong>: Semmann\u2019s research suggests that these\nspots actually confuse predators because of their very noticeable nature. <a href=\"http:\/\/blogs.nature.com\/news\/2013\/08\/why-rabbits-have-white-tails.html\" target=\"_blank\" rel=\"noreferrer noopener\">(NATURE NEWS\nBLOG, Aug. 2013)<\/a><br><br><strong>How the rabbit got its cotton-white tail<\/strong>: While it might look like a\npainted-on target that cries, &#8222;Eat Me,&#8220; once the chase is on, that\nsame tail could help befuddle hunters &#8211; foxes, owls, bobcats, hawks or snakes &#8211;\nwho get too close, new research suggests. <a href=\"http:\/\/www.nbcnews.com\/science\/how-rabbit-got-its-cotton-white-tail-6C10867714\" target=\"_blank\" rel=\"noreferrer noopener\">(NBC News, Aug. 2013)<\/a><br><br><\/p>\n","protected":false},"excerpt":{"rendered":"<p>Hier finden Sie meine wissenschaftlichen Publikationen und Berichte \u00fcber meine Arbeit in der Presse. Letzte Workshops und Vortr\u00e4ge Die 67. Sylter Woche Was f\u00fcr ein Erlebnis. Ich m\u00f6chte mich ganz herzlich bei allen Organisatoren, Verantwortlichen und der Zahn\u00e4rztekammer Schleswig-Holstein f\u00fcr die Einladung bedanken. Den Er\u00f6ffnungsvortrag &#8222;Die Kunst (k)ein Egoist zu sein \u2013 Wie entsteht Kooperation &hellip; <\/p>\n<p class=\"link-more\"><a href=\"https:\/\/natural-cooperation.de\/?page_id=14\" class=\"more-link\"><span class=\"screen-reader-text\">\u201ePublikationen\u201c <\/span>weiterlesen<\/a><\/p>\n","protected":false},"author":1,"featured_media":0,"parent":0,"menu_order":0,"comment_status":"closed","ping_status":"closed","template":"","meta":{"footnotes":""},"class_list":["post-14","page","type-page","status-publish","hentry"],"_links":{"self":[{"href":"https:\/\/natural-cooperation.de\/index.php?rest_route=\/wp\/v2\/pages\/14","targetHints":{"allow":["GET"]}}],"collection":[{"href":"https:\/\/natural-cooperation.de\/index.php?rest_route=\/wp\/v2\/pages"}],"about":[{"href":"https:\/\/natural-cooperation.de\/index.php?rest_route=\/wp\/v2\/types\/page"}],"author":[{"embeddable":true,"href":"https:\/\/natural-cooperation.de\/index.php?rest_route=\/wp\/v2\/users\/1"}],"replies":[{"embeddable":true,"href":"https:\/\/natural-cooperation.de\/index.php?rest_route=%2Fwp%2Fv2%2Fcomments&post=14"}],"version-history":[{"count":19,"href":"https:\/\/natural-cooperation.de\/index.php?rest_route=\/wp\/v2\/pages\/14\/revisions"}],"predecessor-version":[{"id":533,"href":"https:\/\/natural-cooperation.de\/index.php?rest_route=\/wp\/v2\/pages\/14\/revisions\/533"}],"wp:attachment":[{"href":"https:\/\/natural-cooperation.de\/index.php?rest_route=%2Fwp%2Fv2%2Fmedia&parent=14"}],"curies":[{"name":"wp","href":"https:\/\/api.w.org\/{rel}","templated":true}]}}