{"id":259,"date":"2020-06-04T10:26:56","date_gmt":"2020-06-04T10:26:56","guid":{"rendered":"http:\/\/natural-cooperation.de\/?page_id=259"},"modified":"2026-02-05T10:30:34","modified_gmt":"2026-02-05T10:30:34","slug":"ueber-mich","status":"publish","type":"page","link":"https:\/\/natural-cooperation.de\/?page_id=259","title":{"rendered":"Dirk Semmann"},"content":{"rendered":"\n<figure class=\"wp-block-image size-medium\"><img loading=\"lazy\" decoding=\"async\" width=\"219\" height=\"300\" src=\"https:\/\/natural-cooperation.de\/wp-content\/uploads\/2024\/02\/Dirk-Semmann-Bild-2023b-hochkant-219x300.jpg\" alt=\"\" class=\"wp-image-347\" srcset=\"https:\/\/natural-cooperation.de\/wp-content\/uploads\/2024\/02\/Dirk-Semmann-Bild-2023b-hochkant-219x300.jpg 219w, https:\/\/natural-cooperation.de\/wp-content\/uploads\/2024\/02\/Dirk-Semmann-Bild-2023b-hochkant-747x1024.jpg 747w, https:\/\/natural-cooperation.de\/wp-content\/uploads\/2024\/02\/Dirk-Semmann-Bild-2023b-hochkant.jpg 767w\" sizes=\"auto, (max-width: 219px) 100vw, 219px\" \/><figcaption class=\"wp-element-caption\">Prof. Dr. Dirk Semmann<\/figcaption><\/figure>\n\n\n\n<p>Berater \/ Dozent \/ Keynote Speaker \/ Evolutions- und Verhaltensbiologe<\/p>\n\n\n\n<p>Meine Qualifikation f\u00fcr die Beratung gr\u00fcndet sich auf \u00fcber 20 Jahre Grundlagenforschung zum Thema \u201eMenschliches Verhalten \u2013 mit dem Fokus Kooperationsverhalten\u201c. Zu diesem Thema stehe ich auch seit 2015 Unternehmen als Experte zur Seite. Durch die zunehmende Geschwindigkeit des Wandels &nbsp;wurden hier die Digitalisierungsberatung und die Begleitung von Changeprozessen immer wichtiger.&nbsp;&nbsp;&nbsp;<\/p>\n\n\n\n<p>Ich bin als Dozent f\u00fcr die Universit\u00e4t G\u00f6ttingen, dem Zentrum f\u00fcr wissenschaftliche Weiterbildung der CAU \/ dem UKSH, die Technische Akademie Nord und die Fachhochschule Kiel t\u00e4tig. Ich unterrichte hier, Team und Kommunikation, menschliches Verhalten, Computermodellierung, Digitales Wissensmanagement, Teamwork 4.0 und Design Thinking. Des Weiteren habe ich selbst in Projekten mit agilen Methoden (Scrum und Kanban) gearbeitet und seit Juni 2023 bin ich akkreditierter Coach f\u00fcr das INQA (Initiative neue Qualit\u00e4t der Arbeit, BMAS) in dem wir Coaches nach einer agilen Beratungsmethode vorgehen.<\/p>\n\n\n\n<p>In meiner Funktion als Wissenschaftler bin ich Evolutionsbiologe und forsche seit meiner Diplomarbeit rund um das Thema menschliches Sozialverhalten mit besonderem Fokus auf Kooperation. Meine Forschung habe ich am Max-Planck-Institut f\u00fcr Evolutionsbiologie, der Universit\u00e4t Wien und an der Universit\u00e4t G\u00f6ttingen durchgef\u00fchrt.<br>Bis heute bin ich als au\u00dferplanm\u00e4\u00dfiger Professor an der Universit\u00e4t G\u00f6ttingen t\u00e4tig. In meinen vorwiegend experimentellen Studien mit studentischen Probanden habe ich mich u.a. mit den Einfl\u00fcssen von Reputation, Bestrafung, Gruppengr\u00f6\u00dfe, -zugeh\u00f6rigkeit, Netzwerkstrukturen und Gehirnaktivit\u00e4t auf das menschliche Kooperationsverhalten besch\u00e4ftigt.<\/p>\n\n\n\n<p><strong>CURRICULUM VITAE (Wissenschaft)<\/strong><\/p>\n\n\n\n<p>2014 \u2013 Heute Apl. Professor an der Universit\u00e4t G\u00f6ttingen<\/p>\n\n\n\n<p>2016 \u2013 2018 Wissenschaftlicher Mitarbeiter am Max-Planck-Institut f\u00fcr Evolutionsbiologie<\/p>\n\n\n\n<p>2008 \u2013 2014 Professor an der Universit\u00e4t G\u00f6ttingen (Leitung der Gruppe \u201eEvolution von Kooperation und prosozialem Verhalten\u201c im Courant Forschungszentrum \u201eEvolution des Sozialverhaltens (Juniorprofessur))<\/p>\n\n\n\n<p>2006 \u2013 2008 Wissenschaftlicher Mitarbeiter an der Universtit\u00e4t Wien, \u00d6sterreich.<\/p>\n\n\n\n<p>2005 und 2006 Wissenschaftlicher Mitarbeiter am Max-Planck-Institut f\u00fcr Evolutionsbiologie<\/p>\n\n\n\n<p>2004 Doktorarbeit am Max-Planck-Institut f\u00fcr Evolutionsbiologie (Universit\u00e4t Kiel)<\/p>\n\n\n\n<ul class=\"wp-block-list\">\n<li>Thema: \u201eHuman Cooperative Behavior\u201c<\/li>\n<\/ul>\n\n\n\n<p>2001 Diplom Biologie Studium (Universit\u00e4t Hamburg)<\/p>\n\n\n\n<ul class=\"wp-block-list\">\n<li>Diplomarbeit (extern am Max-Planck-Institut f\u00fcr Evolutionsbiologie) &nbsp;&nbsp;&nbsp;&nbsp;&nbsp;&nbsp;<\/li>\n\n\n\n<li>Thema: \u201eVersuche zur Kooperation durch Indirekte Reziprozit\u00e4t\u201c (Menschliches Kooperationsverhalten)<\/li>\n<\/ul>\n","protected":false},"excerpt":{"rendered":"<p>Berater \/ Dozent \/ Keynote Speaker \/ Evolutions- und Verhaltensbiologe Meine Qualifikation f\u00fcr die Beratung gr\u00fcndet sich auf \u00fcber 20 Jahre Grundlagenforschung zum Thema \u201eMenschliches Verhalten \u2013 mit dem Fokus Kooperationsverhalten\u201c. Zu diesem Thema stehe ich auch seit 2015 Unternehmen als Experte zur Seite. Durch die zunehmende Geschwindigkeit des Wandels &nbsp;wurden hier die Digitalisierungsberatung und &hellip; <\/p>\n<p class=\"link-more\"><a href=\"https:\/\/natural-cooperation.de\/?page_id=259\" class=\"more-link\"><span class=\"screen-reader-text\">\u201eDirk Semmann\u201c <\/span>weiterlesen<\/a><\/p>\n","protected":false},"author":1,"featured_media":0,"parent":0,"menu_order":0,"comment_status":"closed","ping_status":"closed","template":"","meta":{"footnotes":""},"class_list":["post-259","page","type-page","status-publish","hentry"],"_links":{"self":[{"href":"https:\/\/natural-cooperation.de\/index.php?rest_route=\/wp\/v2\/pages\/259","targetHints":{"allow":["GET"]}}],"collection":[{"href":"https:\/\/natural-cooperation.de\/index.php?rest_route=\/wp\/v2\/pages"}],"about":[{"href":"https:\/\/natural-cooperation.de\/index.php?rest_route=\/wp\/v2\/types\/page"}],"author":[{"embeddable":true,"href":"https:\/\/natural-cooperation.de\/index.php?rest_route=\/wp\/v2\/users\/1"}],"replies":[{"embeddable":true,"href":"https:\/\/natural-cooperation.de\/index.php?rest_route=%2Fwp%2Fv2%2Fcomments&post=259"}],"version-history":[{"count":14,"href":"https:\/\/natural-cooperation.de\/index.php?rest_route=\/wp\/v2\/pages\/259\/revisions"}],"predecessor-version":[{"id":536,"href":"https:\/\/natural-cooperation.de\/index.php?rest_route=\/wp\/v2\/pages\/259\/revisions\/536"}],"wp:attachment":[{"href":"https:\/\/natural-cooperation.de\/index.php?rest_route=%2Fwp%2Fv2%2Fmedia&parent=259"}],"curies":[{"name":"wp","href":"https:\/\/api.w.org\/{rel}","templated":true}]}}