{"id":33,"date":"2020-01-29T14:51:32","date_gmt":"2020-01-29T14:51:32","guid":{"rendered":"http:\/\/natural-cooperation.de\/?page_id=33"},"modified":"2025-10-14T14:35:15","modified_gmt":"2025-10-14T14:35:15","slug":"home","status":"publish","type":"page","link":"https:\/\/natural-cooperation.de\/","title":{"rendered":"Start"},"content":{"rendered":"\n<h1 class=\"wp-block-heading\">Willkommen bei Natural Cooperation<\/h1>\n\n\n\n<figure class=\"wp-block-gallery has-nested-images columns-default is-cropped wp-block-gallery-1 is-layout-flex wp-block-gallery-is-layout-flex\">\n<figure class=\"wp-block-image size-large\"><img loading=\"lazy\" decoding=\"async\" width=\"1024\" height=\"1024\" data-id=\"57\" src=\"http:\/\/natural-cooperation.de\/wp-content\/uploads\/2020\/01\/Sunset-q_edited-1024x1024.jpg\" alt=\"\" class=\"wp-image-57\" srcset=\"https:\/\/natural-cooperation.de\/wp-content\/uploads\/2020\/01\/Sunset-q_edited-1024x1024.jpg 1024w, https:\/\/natural-cooperation.de\/wp-content\/uploads\/2020\/01\/Sunset-q_edited-300x300.jpg 300w, https:\/\/natural-cooperation.de\/wp-content\/uploads\/2020\/01\/Sunset-q_edited-150x150.jpg 150w, https:\/\/natural-cooperation.de\/wp-content\/uploads\/2020\/01\/Sunset-q_edited-768x768.jpg 768w, https:\/\/natural-cooperation.de\/wp-content\/uploads\/2020\/01\/Sunset-q_edited-1536x1536.jpg 1536w, https:\/\/natural-cooperation.de\/wp-content\/uploads\/2020\/01\/Sunset-q_edited-2048x2048.jpg 2048w, https:\/\/natural-cooperation.de\/wp-content\/uploads\/2020\/01\/Sunset-q_edited-100x100.jpg 100w\" sizes=\"auto, (max-width: 706px) 89vw, (max-width: 767px) 82vw, 740px\" \/><\/figure>\n\n\n\n<figure class=\"wp-block-image size-large\"><img loading=\"lazy\" decoding=\"async\" width=\"1024\" height=\"1024\" data-id=\"68\" src=\"http:\/\/natural-cooperation.de\/wp-content\/uploads\/2020\/01\/IMG_8626-1-1024x1024.jpg\" alt=\"\" class=\"wp-image-68\" srcset=\"https:\/\/natural-cooperation.de\/wp-content\/uploads\/2020\/01\/IMG_8626-1-1024x1024.jpg 1024w, https:\/\/natural-cooperation.de\/wp-content\/uploads\/2020\/01\/IMG_8626-1-300x300.jpg 300w, https:\/\/natural-cooperation.de\/wp-content\/uploads\/2020\/01\/IMG_8626-1-150x150.jpg 150w, https:\/\/natural-cooperation.de\/wp-content\/uploads\/2020\/01\/IMG_8626-1-768x768.jpg 768w, https:\/\/natural-cooperation.de\/wp-content\/uploads\/2020\/01\/IMG_8626-1-1536x1536.jpg 1536w, https:\/\/natural-cooperation.de\/wp-content\/uploads\/2020\/01\/IMG_8626-1-2048x2048.jpg 2048w, https:\/\/natural-cooperation.de\/wp-content\/uploads\/2020\/01\/IMG_8626-1-100x100.jpg 100w\" sizes=\"auto, (max-width: 706px) 89vw, (max-width: 767px) 82vw, 740px\" \/><\/figure>\n\n\n\n<figure class=\"wp-block-image size-large\"><img loading=\"lazy\" decoding=\"async\" width=\"1024\" height=\"1024\" data-id=\"55\" src=\"http:\/\/natural-cooperation.de\/wp-content\/uploads\/2020\/01\/nothsea1-1024x1024.jpg\" alt=\"\" class=\"wp-image-55\" srcset=\"https:\/\/natural-cooperation.de\/wp-content\/uploads\/2020\/01\/nothsea1-1024x1024.jpg 1024w, https:\/\/natural-cooperation.de\/wp-content\/uploads\/2020\/01\/nothsea1-300x300.jpg 300w, https:\/\/natural-cooperation.de\/wp-content\/uploads\/2020\/01\/nothsea1-150x150.jpg 150w, https:\/\/natural-cooperation.de\/wp-content\/uploads\/2020\/01\/nothsea1-768x768.jpg 768w, https:\/\/natural-cooperation.de\/wp-content\/uploads\/2020\/01\/nothsea1-1536x1536.jpg 1536w, https:\/\/natural-cooperation.de\/wp-content\/uploads\/2020\/01\/nothsea1-2048x2048.jpg 2048w, https:\/\/natural-cooperation.de\/wp-content\/uploads\/2020\/01\/nothsea1-100x100.jpg 100w\" sizes=\"auto, (max-width: 706px) 89vw, (max-width: 767px) 82vw, 740px\" \/><\/figure>\n<\/figure>\n\n\n\n<h2 class=\"wp-block-heading\">Das Natural Cooperation Beratungsmodell<\/h2>\n\n\n\n<p>Das Ziel der Beratung ist es, Unternehmen dabei zu unterst\u00fctzen, alle Ver\u00e4nderungsprozesse, erfolgreich umzusetzen, indem sie den Menschen in den Mittelpunkt ihres Handelns stellen.<\/p>\n\n\n\n<p>Warum sind diese Ver\u00e4nderungen in den Unternehmen n\u00f6tig?<\/p>\n\n\n\n<p>Die digitale Transformation, der gesellschaftlichen Wandel, Anpassungen an den demographischen Wandel und Nachhaltigkeitsinitiativen, erfordern das sich Unternehmen ver\u00e4ndern.<\/p>\n\n\n\n<p>Es geht dabei um das ganzheitliche Ziel, eine Br\u00fccke zwischen Technologie, sozialem Wandel und Umweltverantwortung zu schlagen. Dabei muss sichergestellt werden, dass diese Prozesse im Einklang mit den Zielen, Bed\u00fcrfnissen und Werten der Mitarbeiter aller Ebenen und den Kunden als Ganzes stehen. Dies umfasst nat\u00fcrlich auch die Wirtschaftlichkeit der Ma\u00dfnahmen.<\/p>\n\n\n\n<p><\/p>\n\n\n\n<p>Das Natural Cooperation Beratungsmodell ist aus meiner biologischen Grundlagenforschung zu menschlichem Verhalten entstanden. Es ist ein ganzheitlicher Ansatz, bei dem immer das System als Ganzes betrachtet wird. Im Rahmen des Beratungsprozesses werden \u00c4nderungen im System herbeigef\u00fchrt. An diese Ver\u00e4nderungen passt sich das Verhalten der Menschen im Unternehmen an. Meine Expertise liegt darin richtigen Ver\u00e4nderungen f\u00fcr ein bestehendes System herauszuarbeiten und so einzuf\u00fchren, dass es zu weniger Irritationen und Reibung im System kommt.&nbsp;Es geht also in den Unternehmen darum, die Rahmenbedingungen so zu ver\u00e4ndern, dass die Mitarbeiter die vorgegebenen Ziele m\u00f6glichst effizient und mit m\u00f6glichst wenig Stress erreichen k\u00f6nnen, damit die Mitarbeiter ein sehr gutes Produktionslevel erreichen und dieses langfristig gehalten werden kann.&nbsp;<\/p>\n\n\n\n<p>In meinem Beratungsprozess f\u00fchre ich zusammen mit meinen Kunden Rahmenbedingungen und neue (bzw. optimierte) Arbeitsprozesse ein, welche die Effizienz und die Produktivit\u00e4t der Mitarbeiter steigern und gleichzeitig die Zusammenarbeit verbessern. Hierdurch wird vor allem die Mitarbeiterzufriedenheit und die Attraktivit\u00e4t als Arbeitergeber gesteigert. Gleichzeitig verbessert sich die Mitarbeitergesundheit, da der Alltag weniger Stressbelastet ist. &nbsp;&nbsp;<\/p>\n\n\n\n<p><\/p>\n\n\n\n<p><\/p>\n\n\n\n<p><\/p>\n\n\n\n<div class=\"wp-block-columns is-layout-flex wp-container-core-columns-is-layout-9d6595d7 wp-block-columns-is-layout-flex\">\n<div class=\"wp-block-column is-layout-flow wp-block-column-is-layout-flow\">\n<figure class=\"wp-block-embed is-type-video is-provider-youtube wp-block-embed-youtube wp-embed-aspect-16-9 wp-has-aspect-ratio\"><div class=\"wp-block-embed__wrapper\">\n<iframe loading=\"lazy\" title=\"Warum ist \u00c4rger um die B\u00fcrok\u00fcche Chefsache?\" width=\"525\" height=\"295\" src=\"https:\/\/www.youtube.com\/embed\/0mc4NASU8-w?feature=oembed\" frameborder=\"0\" allow=\"accelerometer; autoplay; clipboard-write; encrypted-media; gyroscope; picture-in-picture; web-share\" referrerpolicy=\"strict-origin-when-cross-origin\" allowfullscreen><\/iframe>\n<\/div><figcaption class=\"wp-element-caption\">Wenn Sie mehr erfahren m\u00f6chten, schauen Sie<br> sich das YouTube Video an, welches in<br> Zusammenarbeit mit der<br> Kompetenzenmanufaktur entstanden ist.<\/figcaption><\/figure>\n<\/div>\n\n\n\n<div class=\"wp-block-column is-layout-flow wp-block-column-is-layout-flow\">\n<figure class=\"wp-block-embed is-type-video is-provider-youtube wp-block-embed-youtube wp-embed-aspect-16-9 wp-has-aspect-ratio\"><div class=\"wp-block-embed__wrapper\">\n<iframe loading=\"lazy\" title=\"Dirk Semmann @12min.me: &quot;Evolutionsbiologische Erkenntnisse \u00fcber menschliches Kooperationsverhalten&quot;\" width=\"525\" height=\"295\" src=\"https:\/\/www.youtube.com\/embed\/aoPApKQr4mI?feature=oembed\" frameborder=\"0\" allow=\"accelerometer; autoplay; clipboard-write; encrypted-media; gyroscope; picture-in-picture; web-share\" referrerpolicy=\"strict-origin-when-cross-origin\" allowfullscreen><\/iframe>\n<\/div><figcaption class=\"wp-element-caption\">Eine k\u00fcrzere Alternative ist der Videomitschnitt<br> von meinem Vortrag bei 12min.me in Kiel.<\/figcaption><\/figure>\n<\/div>\n\n\n\n<div class=\"wp-block-column is-layout-flow wp-block-column-is-layout-flow\">\n<figure class=\"wp-block-embed is-type-video is-provider-youtube wp-block-embed-youtube wp-embed-aspect-4-3 wp-has-aspect-ratio\"><div class=\"wp-block-embed__wrapper\">\n<iframe loading=\"lazy\" title=\"#34 Zur Teamarbeit geboren - Einsteigen und Aufsteigen\" width=\"525\" height=\"394\" src=\"https:\/\/www.youtube.com\/embed\/ygrxhOi46y0?feature=oembed\" frameborder=\"0\" allow=\"accelerometer; autoplay; clipboard-write; encrypted-media; gyroscope; picture-in-picture; web-share\" referrerpolicy=\"strict-origin-when-cross-origin\" allowfullscreen><\/iframe>\n<\/div><figcaption class=\"wp-element-caption\">Oder h\u00f6ren Sie den Podcast von Annemette ter Horst in dem wir \u00fcber Kooperation und Teamarbeit gesprochen haben.<\/figcaption><\/figure>\n<\/div>\n<\/div>\n\n\n\n<p class=\"has-small-font-size\"><\/p>\n\n\n\n<p class=\"has-medium-font-size\">Natural Cooperation &#8211; Prof. Dr. Dirk Semmann<\/p>\n\n\n\n<p>Berater \/ F\u00fchrungskr\u00e4fte Trainer \/ Dozent \/ Keynote Speaker \/ Evolutions- und Verhaltensbiologe<\/p>\n\n\n\n<div class=\"wp-block-columns is-layout-flex wp-container-core-columns-is-layout-9d6595d7 wp-block-columns-is-layout-flex\">\n<div class=\"wp-block-column is-layout-flow wp-block-column-is-layout-flow\">\n<p>Dozent <a href=\"https:\/\/www.uni-goettingen.de\/de\/536467.html\">Universit\u00e4t G\u00f6ttingen<\/a> &amp; <a href=\"https:\/\/www.fh-kiel.de\/person\/dirk-semmann\/\">Fachhochschule Kiel<\/a><\/p>\n<\/div>\n\n\n\n<div class=\"wp-block-column is-layout-flow wp-block-column-is-layout-flow\">\n<figure class=\"wp-block-image size-large is-resized\"><img loading=\"lazy\" decoding=\"async\" width=\"1024\" height=\"183\" src=\"https:\/\/natural-cooperation.de\/wp-content\/uploads\/2024\/08\/GOE_Logo_Quer_IPC_Farbe_RGB_edited-1024x183.jpg\" alt=\"\" class=\"wp-image-456\" style=\"width:321px;height:auto\" srcset=\"https:\/\/natural-cooperation.de\/wp-content\/uploads\/2024\/08\/GOE_Logo_Quer_IPC_Farbe_RGB_edited-1024x183.jpg 1024w, https:\/\/natural-cooperation.de\/wp-content\/uploads\/2024\/08\/GOE_Logo_Quer_IPC_Farbe_RGB_edited-300x54.jpg 300w, https:\/\/natural-cooperation.de\/wp-content\/uploads\/2024\/08\/GOE_Logo_Quer_IPC_Farbe_RGB_edited-768x137.jpg 768w, https:\/\/natural-cooperation.de\/wp-content\/uploads\/2024\/08\/GOE_Logo_Quer_IPC_Farbe_RGB_edited-1536x274.jpg 1536w, https:\/\/natural-cooperation.de\/wp-content\/uploads\/2024\/08\/GOE_Logo_Quer_IPC_Farbe_RGB_edited-2048x365.jpg 2048w\" sizes=\"auto, (max-width: 706px) 89vw, (max-width: 767px) 82vw, 740px\" \/><\/figure>\n\n\n\n<figure class=\"wp-block-image size-full\"><img loading=\"lazy\" decoding=\"async\" width=\"630\" height=\"167\" src=\"https:\/\/natural-cooperation.de\/wp-content\/uploads\/2024\/08\/Fachhochschule-Kiel.jpg\" alt=\"\" class=\"wp-image-455\" srcset=\"https:\/\/natural-cooperation.de\/wp-content\/uploads\/2024\/08\/Fachhochschule-Kiel.jpg 630w, https:\/\/natural-cooperation.de\/wp-content\/uploads\/2024\/08\/Fachhochschule-Kiel-300x80.jpg 300w\" sizes=\"auto, (max-width: 630px) 100vw, 630px\" \/><\/figure>\n<\/div>\n<\/div>\n\n\n\n<div class=\"wp-block-columns is-layout-flex wp-container-core-columns-is-layout-9d6595d7 wp-block-columns-is-layout-flex\">\n<div class=\"wp-block-column is-layout-flow wp-block-column-is-layout-flow\">\n<p><a href=\"https:\/\/www.inqa.de\/SiteGlobals\/Functions\/INQA-coaching\/inqa-coaching-profil\/uebersicht.html?id=610\">Zertifizierter INQA Coach<\/a><\/p>\n<\/div>\n\n\n\n<div class=\"wp-block-column is-layout-flow wp-block-column-is-layout-flow\">\n<figure class=\"wp-block-image size-full is-resized\"><img loading=\"lazy\" decoding=\"async\" width=\"100\" height=\"123\" src=\"https:\/\/natural-cooperation.de\/wp-content\/uploads\/2024\/02\/100x123_Badge_Autorisierter_INQA_Coach-1.jpg\" alt=\"\" class=\"wp-image-395\" style=\"width:75px;height:auto\"\/><\/figure>\n<\/div>\n<\/div>\n\n\n\n<div class=\"wp-block-columns is-layout-flex wp-container-core-columns-is-layout-9d6595d7 wp-block-columns-is-layout-flex\">\n<div class=\"wp-block-column is-layout-flow wp-block-column-is-layout-flow\">\n<p><a href=\"https:\/\/www.schleswig-holstein.de\/DE\/landesregierung\/themen\/arbeit\/personalmanagement\/coaching?letter=S\">F\u00fchrungskr\u00e4ftecoaching f\u00fcr das Land Schleswig-Holstein<\/a><\/p>\n<\/div>\n\n\n\n<div class=\"wp-block-column is-layout-flow wp-block-column-is-layout-flow\">\n<figure class=\"wp-block-image size-full\"><img loading=\"lazy\" decoding=\"async\" width=\"785\" height=\"167\" src=\"https:\/\/natural-cooperation.de\/wp-content\/uploads\/2024\/08\/Land-Schleswig-Holstein.jpg\" alt=\"\" class=\"wp-image-451\" srcset=\"https:\/\/natural-cooperation.de\/wp-content\/uploads\/2024\/08\/Land-Schleswig-Holstein.jpg 785w, https:\/\/natural-cooperation.de\/wp-content\/uploads\/2024\/08\/Land-Schleswig-Holstein-300x64.jpg 300w, https:\/\/natural-cooperation.de\/wp-content\/uploads\/2024\/08\/Land-Schleswig-Holstein-768x163.jpg 768w\" sizes=\"auto, (max-width: 706px) 89vw, (max-width: 767px) 82vw, 740px\" \/><\/figure>\n<\/div>\n<\/div>\n\n\n\n<div class=\"wp-block-columns is-layout-flex wp-container-core-columns-is-layout-9d6595d7 wp-block-columns-is-layout-flex\">\n<div class=\"wp-block-column is-layout-flow wp-block-column-is-layout-flow\">\n<p><\/p>\n\n\n\n<p><a href=\"https:\/\/www.linkedin.com\/in\/prof-dr-dirk-semmann-ab20ab1a3\/\">LinkedIn Profil Dirk Semmann<\/a><\/p>\n<\/div>\n\n\n\n<div class=\"wp-block-column is-layout-flow wp-block-column-is-layout-flow\">\n<figure class=\"wp-block-image size-large\"><a href=\"https:\/\/www.linkedin.com\/in\/prof-dr-dirk-semmann-ab20ab1a3\/\"><img loading=\"lazy\" decoding=\"async\" width=\"1024\" height=\"250\" src=\"https:\/\/natural-cooperation.de\/wp-content\/uploads\/2024\/02\/LI-Logo-1024x250.png\" alt=\"\" class=\"wp-image-391\" srcset=\"https:\/\/natural-cooperation.de\/wp-content\/uploads\/2024\/02\/LI-Logo-1024x250.png 1024w, https:\/\/natural-cooperation.de\/wp-content\/uploads\/2024\/02\/LI-Logo-300x73.png 300w, https:\/\/natural-cooperation.de\/wp-content\/uploads\/2024\/02\/LI-Logo-768x187.png 768w, https:\/\/natural-cooperation.de\/wp-content\/uploads\/2024\/02\/LI-Logo-1536x375.png 1536w, https:\/\/natural-cooperation.de\/wp-content\/uploads\/2024\/02\/LI-Logo-2048x500.png 2048w\" sizes=\"auto, (max-width: 706px) 89vw, (max-width: 767px) 82vw, 740px\" \/><\/a><\/figure>\n<\/div>\n<\/div>\n\n\n\n<div class=\"wp-block-columns is-layout-flex wp-container-core-columns-is-layout-9d6595d7 wp-block-columns-is-layout-flex\">\n<div class=\"wp-block-column is-layout-flow wp-block-column-is-layout-flow\">\n<p><a href=\"https:\/\/www.lions-kiel.de\/lions-club-kiel\/\">Mitglied Lions Club Kiel<\/a><\/p>\n<\/div>\n\n\n\n<div class=\"wp-block-column is-layout-flow wp-block-column-is-layout-flow\">\n<figure class=\"wp-block-image size-full\"><img loading=\"lazy\" decoding=\"async\" width=\"128\" height=\"120\" src=\"https:\/\/natural-cooperation.de\/wp-content\/uploads\/2025\/02\/lionlogo_2c-128x120-1.png\" alt=\"\" class=\"wp-image-514\"\/><\/figure>\n<\/div>\n<\/div>\n\n\n\n<p><\/p>\n","protected":false},"excerpt":{"rendered":"<p>Willkommen bei Natural Cooperation Das Natural Cooperation Beratungsmodell Das Ziel der Beratung ist es, Unternehmen dabei zu unterst\u00fctzen, alle Ver\u00e4nderungsprozesse, erfolgreich umzusetzen, indem sie den Menschen in den Mittelpunkt ihres Handelns stellen. Warum sind diese Ver\u00e4nderungen in den Unternehmen n\u00f6tig? Die digitale Transformation, der gesellschaftlichen Wandel, Anpassungen an den demographischen Wandel und Nachhaltigkeitsinitiativen, erfordern das &hellip; <\/p>\n<p class=\"link-more\"><a href=\"https:\/\/natural-cooperation.de\/\" class=\"more-link\"><span class=\"screen-reader-text\">\u201eStart\u201c <\/span>weiterlesen<\/a><\/p>\n","protected":false},"author":1,"featured_media":0,"parent":0,"menu_order":0,"comment_status":"closed","ping_status":"closed","template":"","meta":{"footnotes":""},"class_list":["post-33","page","type-page","status-publish","hentry"],"_links":{"self":[{"href":"https:\/\/natural-cooperation.de\/index.php?rest_route=\/wp\/v2\/pages\/33","targetHints":{"allow":["GET"]}}],"collection":[{"href":"https:\/\/natural-cooperation.de\/index.php?rest_route=\/wp\/v2\/pages"}],"about":[{"href":"https:\/\/natural-cooperation.de\/index.php?rest_route=\/wp\/v2\/types\/page"}],"author":[{"embeddable":true,"href":"https:\/\/natural-cooperation.de\/index.php?rest_route=\/wp\/v2\/users\/1"}],"replies":[{"embeddable":true,"href":"https:\/\/natural-cooperation.de\/index.php?rest_route=%2Fwp%2Fv2%2Fcomments&post=33"}],"version-history":[{"count":69,"href":"https:\/\/natural-cooperation.de\/index.php?rest_route=\/wp\/v2\/pages\/33\/revisions"}],"predecessor-version":[{"id":532,"href":"https:\/\/natural-cooperation.de\/index.php?rest_route=\/wp\/v2\/pages\/33\/revisions\/532"}],"wp:attachment":[{"href":"https:\/\/natural-cooperation.de\/index.php?rest_route=%2Fwp%2Fv2%2Fmedia&parent=33"}],"curies":[{"name":"wp","href":"https:\/\/api.w.org\/{rel}","templated":true}]}}