{"id":374,"date":"2024-02-08T10:54:50","date_gmt":"2024-02-08T10:54:50","guid":{"rendered":"https:\/\/natural-cooperation.de\/?page_id=374"},"modified":"2025-06-24T13:56:35","modified_gmt":"2025-06-24T13:56:35","slug":"inqa-coaching","status":"publish","type":"page","link":"https:\/\/natural-cooperation.de\/?page_id=374","title":{"rendered":"INQA"},"content":{"rendered":"\n<figure class=\"wp-block-image size-full\"><img loading=\"lazy\" decoding=\"async\" width=\"100\" height=\"123\" src=\"https:\/\/natural-cooperation.de\/wp-content\/uploads\/2024\/02\/100x123_Badge_Autorisierter_INQA_Coach-1.jpg\" alt=\"\" class=\"wp-image-395\"\/><\/figure>\n\n\n\n<h2 class=\"wp-block-heading\">INQA Coaching<\/h2>\n\n\n\n<p>Das INQA Projekt ist ein F\u00f6rderprogramm, welches kleine und mittelst\u00e4ndische Unternehmen im Zeiten des Wandels unterst\u00fctzt. Dazu geh\u00f6ren unter anderem die digitale Transformation, New Work, der demographische Wandel und die Dekarbonisierung, welche die KMU derzeit besonders stark herausfordern und einen Change-Prozess unumg\u00e4nglich machen.<\/p>\n\n\n\n<p>Das INQA Projekt ist \u00f6ffentlich gef\u00f6rdert (Bundesministerium f\u00fcr Arbeit und Soziales, BMAS) und wir k\u00f6nnen \u00fcber einen Zeitraum von 7 Monaten zusammen passgenaue L\u00f6sungen erarbeiten und erproben. Das Programm umfasst 12 Beratertage \u00e1 1200,- Euro. Die F\u00f6rderquote betr\u00e4gt 80%.<\/p>\n\n\n\n<p>Das &nbsp;INQA Programm hat eine spezifische agile Methodik. Im Unternehmen werden zuerst die zu bearbeitenden Themen durch ExpertInnen Interviews identifiziert. Diese Themen werden dann mit den Mitarbeitern und der Gesch\u00e4ftsf\u00fchrung gemeinsam bearbeitet. Es werden L\u00f6sungen erarbeitet, welche im Arbeitsalltag erprobt werden und weiter an die Bed\u00fcrfnisse angepasst werden und wieder erprobt werden.<\/p>\n\n\n\n<p>Thematisch sind die Unternehmen, in diesem Projekt, sehr frei welche Themen bearbeitet werden. <\/p>\n\n\n\n<p>Das Programm umfasst die vier m\u00f6gliche Themenfelder <\/p>\n\n\n\n<ul class=\"wp-block-list\">\n<li>F\u00fchrung<\/li>\n\n\n\n<li>Diversity<\/li>\n\n\n\n<li>Gesundheit<\/li>\n\n\n\n<li>Kompetenz<\/li>\n<\/ul>\n\n\n\n<p>und sechs m\u00f6gliche Gestaltungsfelder<\/p>\n\n\n\n<ul class=\"wp-block-list\">\n<li>Neue Gesch\u00e4ftsmodelle und Innovationsstrategien<\/li>\n\n\n\n<li>Produktionsmodell und Arbeitsorganisation<\/li>\n\n\n\n<li>Personalpolitik, Besch\u00e4ftigung und Qualifizierung<\/li>\n\n\n\n<li>Sozialbeziehungen und Kultur<\/li>\n\n\n\n<li>F\u00fchrung, berufliche Entwicklung und Karriere<\/li>\n\n\n\n<li>Arbeitsplatz der Zukunft, Arbeitszeit- und Leistungspolitik.&nbsp;<\/li>\n<\/ul>\n\n\n\n<p>Mehr Informationen unter <a href=\"http:\/\/www.inqa.de\">www.inqa.de<\/a><\/p>\n\n\n\n<p>INQA-Profil: <a href=\"https:\/\/www.inqa.de\/SiteGlobals\/Functions\/INQA-coaching\/inqa-coaching-profil\/uebersicht.html?id=610\">Dirk Semmann INQA-Coaching-ID: IC2332643<\/a><\/p>\n\n\n\n<p><\/p>\n","protected":false},"excerpt":{"rendered":"<p>INQA Coaching Das INQA Projekt ist ein F\u00f6rderprogramm, welches kleine und mittelst\u00e4ndische Unternehmen im Zeiten des Wandels unterst\u00fctzt. Dazu geh\u00f6ren unter anderem die digitale Transformation, New Work, der demographische Wandel und die Dekarbonisierung, welche die KMU derzeit besonders stark herausfordern und einen Change-Prozess unumg\u00e4nglich machen. Das INQA Projekt ist \u00f6ffentlich gef\u00f6rdert (Bundesministerium f\u00fcr Arbeit und &hellip; <\/p>\n<p class=\"link-more\"><a href=\"https:\/\/natural-cooperation.de\/?page_id=374\" class=\"more-link\"><span class=\"screen-reader-text\">\u201eINQA\u201c <\/span>weiterlesen<\/a><\/p>\n","protected":false},"author":1,"featured_media":0,"parent":0,"menu_order":0,"comment_status":"closed","ping_status":"closed","template":"","meta":{"footnotes":""},"class_list":["post-374","page","type-page","status-publish","hentry"],"_links":{"self":[{"href":"https:\/\/natural-cooperation.de\/index.php?rest_route=\/wp\/v2\/pages\/374","targetHints":{"allow":["GET"]}}],"collection":[{"href":"https:\/\/natural-cooperation.de\/index.php?rest_route=\/wp\/v2\/pages"}],"about":[{"href":"https:\/\/natural-cooperation.de\/index.php?rest_route=\/wp\/v2\/types\/page"}],"author":[{"embeddable":true,"href":"https:\/\/natural-cooperation.de\/index.php?rest_route=\/wp\/v2\/users\/1"}],"replies":[{"embeddable":true,"href":"https:\/\/natural-cooperation.de\/index.php?rest_route=%2Fwp%2Fv2%2Fcomments&post=374"}],"version-history":[{"count":8,"href":"https:\/\/natural-cooperation.de\/index.php?rest_route=\/wp\/v2\/pages\/374\/revisions"}],"predecessor-version":[{"id":528,"href":"https:\/\/natural-cooperation.de\/index.php?rest_route=\/wp\/v2\/pages\/374\/revisions\/528"}],"wp:attachment":[{"href":"https:\/\/natural-cooperation.de\/index.php?rest_route=%2Fwp%2Fv2%2Fmedia&parent=374"}],"curies":[{"name":"wp","href":"https:\/\/api.w.org\/{rel}","templated":true}]}}